{"id":881,"date":"2023-10-19T15:15:36","date_gmt":"2023-10-19T15:15:36","guid":{"rendered":"https:\/\/www.pirimlar.com\/ar\/?page_id=881"},"modified":"2023-10-19T15:15:37","modified_gmt":"2023-10-19T15:15:37","slug":"pratik-%d8%b7%d9%82%d9%85-%d8%a3%d8%b1%d9%8a%d9%83%d8%a9-%d8%b2%d8%a7%d9%88%d9%8a%d8%a9-%d8%b3%d8%b1%d9%8a%d8%b1","status":"publish","type":"page","link":"https:\/\/www.pirimlar.com\/ar\/?page_id=881","title":{"rendered":"PRAT\u0130K \u0637\u0642\u0645 \u0623\u0631\u064a\u0643\u0629 \u0632\u0627\u0648\u064a\u0629 \u0633\u0631\u064a\u0631"},"content":{"rendered":"\n<figure class=\"wp-block-image size-large\"><img loading=\"lazy\" decoding=\"async\" width=\"1024\" height=\"783\" src=\"https:\/\/www.pirimlar.com\/ar\/wp-content\/uploads\/2023\/10\/KOSE-pratik-1024x783.jpg\" alt=\"PRAT\u0130K K\u00d6\u015eE\" class=\"wp-image-879\" srcset=\"https:\/\/www.pirimlar.com\/ar\/wp-content\/uploads\/2023\/10\/KOSE-pratik-1024x783.jpg 1024w, https:\/\/www.pirimlar.com\/ar\/wp-content\/uploads\/2023\/10\/KOSE-pratik-300x229.jpg 300w, https:\/\/www.pirimlar.com\/ar\/wp-content\/uploads\/2023\/10\/KOSE-pratik-768x587.jpg 768w, https:\/\/www.pirimlar.com\/ar\/wp-content\/uploads\/2023\/10\/KOSE-pratik.jpg 1497w\" sizes=\"auto, (max-width: 1024px) 100vw, 1024px\" \/><\/figure>\n\n\n\n<figure class=\"wp-block-image size-large\"><img loading=\"lazy\" decoding=\"async\" width=\"1024\" height=\"783\" src=\"https:\/\/www.pirimlar.com\/ar\/wp-content\/uploads\/2023\/10\/WhatsApp-Image-2023-05-24-at-15.47.22-1024x783.jpeg\" alt=\"PRAT\u0130K K\u00d6\u015eE\" class=\"wp-image-880\" srcset=\"https:\/\/www.pirimlar.com\/ar\/wp-content\/uploads\/2023\/10\/WhatsApp-Image-2023-05-24-at-15.47.22-1024x783.jpeg 1024w, https:\/\/www.pirimlar.com\/ar\/wp-content\/uploads\/2023\/10\/WhatsApp-Image-2023-05-24-at-15.47.22-300x229.jpeg 300w, https:\/\/www.pirimlar.com\/ar\/wp-content\/uploads\/2023\/10\/WhatsApp-Image-2023-05-24-at-15.47.22-768x587.jpeg 768w, https:\/\/www.pirimlar.com\/ar\/wp-content\/uploads\/2023\/10\/WhatsApp-Image-2023-05-24-at-15.47.22.jpeg 1497w\" sizes=\"auto, (max-width: 1024px) 100vw, 1024px\" \/><\/figure>\n\n\n\n<p>\u0627\u0644\u0645\u0648\u0627\u0635\u0641\u0627\u062a \u0627\u0644\u0641\u0646\u064a\u0629<br> \u0646\u0645\u0648\u0630\u062c \u2026\u2026\u2026\u2026\u2026\u2026\u2026\u2026\u2026\u2026\u2026\u2026: PRAT\u0130K \u0637\u0642\u0645 \u0635\u0648\u0641\u0627- \u0633\u0631\u064a\u0631 \u0632\u0627\u0648\u064a\u0629<br> \u0627\u0644\u0627\u0631\u062a\u0641\u0627\u0639 \u2026\u2026\u2026\u2026\u2026\u2026\u2026\u2026\u2026\u2026\u2026\u2026\u2026\u2026 ..: 92 \u0633\u0645<br> \u0627\u0644\u0639\u0631\u0636 \u2026\u2026\u2026\u2026\u2026\u2026\u2026\u2026\u2026\u2026\u2026\u2026\u2026\u2026\u2026\u2026\u2026\u2026\u2026\u2026\u2026: 210\/220 \u0633\u0645<br> \u0627\u0644\u0639\u0645\u0642 \u2026\u2026\u2026\u2026\u2026\u2026\u2026\u2026\u2026\u2026\u2026\u2026\u2026\u2026\u2026\u2026\u2026\u2026\u2026\u2026\u2026: 86 \u0633\u0645<br> \u0627\u0644\u0644\u0648\u0646 \u2026\u2026\u2026\u2026\u2026\u2026\u2026\u2026\u2026\u2026\u2026\u2026\u2026 ..: \u0627\u062e\u062a\u064a\u0627\u0631\u064a<br> \u0642\u062f\u0631\u062a\u0647\u0627 \u2026\u2026\u2026\u2026\u2026\u2026\u2026\u2026\u2026\u2026\u2026\u2026\u2026: \u0644\u0634\u062e\u0635 \u0648\u0627\u062d\u062f<br> \u0639\u0645\u0642 \u0627\u0644\u0633\u0631\u064a\u0631 \u0639\u0646\u062f \u0627\u0644\u0641\u062a\u062d \u2026\u2026: 169 \u0633\u0645<\/p>\n\n\n\n<p><\/p>\n\n\n\n<p><\/p>\n","protected":false},"excerpt":{"rendered":"<p>\u0627\u0644\u0645\u0648\u0627\u0635\u0641\u0627\u062a \u0627\u0644\u0641\u0646\u064a\u0629 \u0646\u0645\u0648\u0630\u062c \u2026\u2026\u2026\u2026\u2026\u2026\u2026\u2026\u2026\u2026\u2026\u2026: PRAT\u0130K \u0637\u0642\u0645 \u0635\u0648\u0641\u0627- \u0633\u0631\u064a\u0631 \u0632\u0627\u0648\u064a\u0629 \u0627\u0644\u0627\u0631\u062a\u0641\u0627\u0639 \u2026\u2026\u2026\u2026\u2026\u2026\u2026\u2026\u2026\u2026\u2026\u2026\u2026\u2026 ..: 92 \u0633\u0645 \u0627\u0644\u0639\u0631\u0636 \u2026\u2026\u2026\u2026\u2026\u2026\u2026\u2026\u2026\u2026\u2026\u2026\u2026\u2026\u2026\u2026\u2026\u2026\u2026\u2026\u2026: 210\/220 \u0633\u0645 \u0627\u0644\u0639\u0645\u0642 \u2026\u2026\u2026\u2026\u2026\u2026\u2026\u2026\u2026\u2026\u2026\u2026\u2026\u2026\u2026\u2026\u2026\u2026\u2026\u2026\u2026: 86 \u0633\u0645 \u0627\u0644\u0644\u0648\u0646 \u2026\u2026\u2026\u2026\u2026\u2026\u2026\u2026\u2026\u2026\u2026\u2026\u2026 ..: \u0627\u062e\u062a\u064a\u0627\u0631\u064a \u0642\u062f\u0631\u062a\u0647\u0627 \u2026\u2026\u2026\u2026\u2026\u2026\u2026\u2026\u2026\u2026\u2026\u2026\u2026: \u0644\u0634\u062e\u0635 \u0648\u0627\u062d\u062f \u0639\u0645\u0642 \u0627\u0644\u0633\u0631\u064a\u0631 \u0639\u0646\u062f \u0627\u0644\u0641\u062a\u062d \u2026\u2026: 169 \u0633\u0645<\/p>\n","protected":false},"author":1,"featured_media":879,"parent":482,"menu_order":0,"comment_status":"closed","ping_status":"closed","template":"","meta":{"footnotes":"","_links_to":"","_links_to_target":""},"class_list":["post-881","page","type-page","status-publish","has-post-thumbnail","hentry"],"_links":{"self":[{"href":"https:\/\/www.pirimlar.com\/ar\/index.php?rest_route=\/wp\/v2\/pages\/881","targetHints":{"allow":["GET"]}}],"collection":[{"href":"https:\/\/www.pirimlar.com\/ar\/index.php?rest_route=\/wp\/v2\/pages"}],"about":[{"href":"https:\/\/www.pirimlar.com\/ar\/index.php?rest_route=\/wp\/v2\/types\/page"}],"author":[{"embeddable":true,"href":"https:\/\/www.pirimlar.com\/ar\/index.php?rest_route=\/wp\/v2\/users\/1"}],"replies":[{"embeddable":true,"href":"https:\/\/www.pirimlar.com\/ar\/index.php?rest_route=%2Fwp%2Fv2%2Fcomments&post=881"}],"version-history":[{"count":1,"href":"https:\/\/www.pirimlar.com\/ar\/index.php?rest_route=\/wp\/v2\/pages\/881\/revisions"}],"predecessor-version":[{"id":882,"href":"https:\/\/www.pirimlar.com\/ar\/index.php?rest_route=\/wp\/v2\/pages\/881\/revisions\/882"}],"up":[{"embeddable":true,"href":"https:\/\/www.pirimlar.com\/ar\/index.php?rest_route=\/wp\/v2\/pages\/482"}],"wp:featuredmedia":[{"embeddable":true,"href":"https:\/\/www.pirimlar.com\/ar\/index.php?rest_route=\/wp\/v2\/media\/879"}],"wp:attachment":[{"href":"https:\/\/www.pirimlar.com\/ar\/index.php?rest_route=%2Fwp%2Fv2%2Fmedia&parent=881"}],"curies":[{"name":"wp","href":"https:\/\/api.w.org\/{rel}","templated":true}]}}