{"id":855,"date":"2023-10-19T14:18:17","date_gmt":"2023-10-19T14:18:17","guid":{"rendered":"https:\/\/www.pirimlar.com\/ar\/?page_id=855"},"modified":"2023-10-19T14:18:18","modified_gmt":"2023-10-19T14:18:18","slug":"p%d9%84%d8%ab%d9%84%d8%a7%d8%ab%d8%a9-%d8%a3%d8%b4%d8%ae%d8%a7%d8%b5-%d8%b3%d8%b1%d9%8a%d8%b1-%d8%a3%d8%b1%d9%8a%d9%83%d8%a9-%d8%b0%d8%b1%d8%a7%d8%b9","status":"publish","type":"page","link":"https:\/\/www.pirimlar.com\/ar\/?page_id=855","title":{"rendered":"P\u0644\u062b\u0644\u0627\u062b\u0629 \u0623\u0634\u062e\u0627\u0635 \u0633\u0631\u064a\u0631 \u0623\u0631\u064a\u0643\u0629 \u0630\u0631\u0627\u0639"},"content":{"rendered":"\n<p>\u0627\u0644\u0645\u0648\u0627\u0635\u0641\u0627\u062a \u0627\u0644\u0641\u0646\u064a\u0629<br> P \u0646\u0645\u0648\u0630\u062c \u2026\u2026\u2026\u2026\u2026\u2026\u2026\u2026\u2026\u2026\u2026\u2026 ..:  \u0644\u062b\u0644\u0627\u062b\u0629 \u0623\u0634\u062e\u0627\u0635 \u0633\u0631\u064a\u0631 \u0623\u0631\u064a\u0643\u0629<br> \u0627\u0644\u0627\u0631\u062a\u0641\u0627\u0639 \u2026\u2026\u2026\u2026\u2026\u2026\u2026\u2026\u2026\u2026\u2026\u2026\u2026\u2026 ..: 85 \u0633\u0645<br> \u0627\u0644\u0639\u0631\u0636 \u2026\u2026\u2026\u2026\u2026\u2026\u2026\u2026\u2026\u2026\u2026\u2026\u2026\u2026\u2026\u2026\u2026\u2026: 220 \u0633\u0645<br> \u0627\u0644\u0639\u0645\u0642 \u2026\u2026\u2026\u2026\u2026\u2026\u2026\u2026\u2026\u2026\u2026\u2026\u2026\u2026\u2026\u2026\u2026\u2026: 85 \u0633\u0645<br> \u0627\u0644\u0644\u0648\u0646 \u2026\u2026\u2026\u2026\u2026\u2026\u2026\u2026\u2026\u2026\u2026\u2026\u2026\u2026 ..: \u0627\u062e\u062a\u064a\u0627\u0631\u064a<br> \u0633\u0639\u062a\u0647\u0627 \u2026\u2026\u2026\u2026\u2026\u2026\u2026\u2026\u2026\u2026\u2026\u2026\u2026: \u0644\u062b\u0644\u0627\u062b\u0629 \u0623\u0634\u062e\u0627\u0635<br> \u0627\u0644\u0648\u0632\u0646 \u2026\u2026\u2026\u2026\u2026\u2026\u2026\u2026\u2026\u2026\u2026\u2026\u2026\u2026\u2026\u2026\u2026\u2026\u2026\u2026: 70 \u0643\u062c\u0645<br> \u062e\u0627\u0635\u064a\u0629 \u2026\u2026\u2026\u2026\u2026\u2026\u2026\u2026\u2026\u2026\u2026\u2026\u2026 ..: \u0627\u0644\u0642\u0627\u0639\u062f\u0629<br> \u0639\u0645\u0642 \u0627\u0644\u0633\u0631\u064a\u0631 \u0639\u0646\u062f \u0627\u0644\u0641\u062a\u062d \u2026\u2026: 110 \u0633\u0645<br> \u0627\u0631\u062a\u0641\u0627\u0639 \u0645\u0646\u0637\u0642\u0629 \u0627\u0644\u062c\u0644\u0648\u0633 \u2026\u2026\u2026\u2026\u2026: 42 \u0633\u0645<br> \u0645\u0646\u0637\u0642\u0629 \u0627\u0644\u062c\u0644\u0648\u0633 \u2026\u2026\u2026\u2026\u2026\u2026\u2026\u2026\u2026\u2026 ..: 185 \u0633\u0645<br> \u0645\u0646\u0637\u0642\u0629 \u0627\u0644\u0645\u0639\u064a\u0634\u0629 \u2026\u2026\u2026\u2026\u2026\u2026\u2026\u2026\u2026\u2026\u2026\u2026 ..: 55 \u0633\u0645<\/p>\n\n\n\n<figure class=\"wp-block-image size-full is-resized\"><img loading=\"lazy\" decoding=\"async\" src=\"https:\/\/www.pirimlar.com\/ar\/wp-content\/uploads\/2023\/10\/p-kol.jpg\" alt=\"p kol\" class=\"wp-image-856\" width=\"279\" height=\"175\"\/><\/figure>\n\n\n\n<figure class=\"wp-block-image size-full\"><img loading=\"lazy\" decoding=\"async\" width=\"300\" height=\"157\" src=\"https:\/\/www.pirimlar.com\/ar\/wp-content\/uploads\/2023\/10\/p-kol-2.jpg\" alt=\"p kol\" class=\"wp-image-857\"\/><\/figure>\n\n\n\n<figure class=\"wp-block-image size-full\"><img loading=\"lazy\" decoding=\"async\" width=\"300\" height=\"145\" src=\"https:\/\/www.pirimlar.com\/ar\/wp-content\/uploads\/2023\/10\/p-kol-3.jpg\" alt=\"p kol\" class=\"wp-image-858\"\/><\/figure>\n\n\n\n<figure class=\"wp-block-table is-style-stripes\"><table><tbody><tr><th>Modeli<\/th><td>P\u0131r\u0131mlar P Kol \u00c7ekyat<\/td><\/tr><tr><th>Y\u00fckseklik<\/th><td><\/td><\/tr><tr><th>Geni\u015flik<\/th><td>220 cm<\/td><\/tr><tr><th>Derinlik<\/th><td>85 cm<\/td><\/tr><tr><th>Renk<\/th><td>\u0130ste\u011fe ba\u011fl\u0131<\/td><\/tr><tr><th>Kuma\u015f<\/th><td>\u0130ste\u011fe ba\u011fl\u0131(deri.s\u00fcet.tayt\u00fcy\u00fc vb)<\/td><\/tr><tr><th><\/th><td><a href=\"https:\/\/www.refakatcikoltuklari.com.tr\/kumas-deri-renk-secimi\/\" target=\"_blank\" rel=\"noreferrer noopener\"><br><strong>Kuma\u015f Deri Renk Se\u00e7imi i\u00e7in TIKLA<\/strong><\/a><\/td><\/tr><tr><th>\u00d6zelli\u011fi<\/th><td>Bazal\u0131<\/td><\/tr><tr><th>A\u011f\u0131rl\u0131k<\/th><td>70 kg<\/td><\/tr><tr><th>A\u00e7\u0131l\u0131nca Yatak Derinli\u011fi<\/th><td>110 cm<\/td><\/tr><tr><th>Oturma Y\u00fcksekli\u011fi<\/th><td>42 cm<\/td><\/tr><tr><th>Oturma Geni\u015fli\u011fi<\/th><td>185 cm<\/td><\/tr><tr><th>Oturma Derinli\u011fi<\/th><td>55 cm<\/td><\/tr><\/tbody><\/table><\/figure>\n","protected":false},"excerpt":{"rendered":"<p>\u0627\u0644\u0645\u0648\u0627\u0635\u0641\u0627\u062a \u0627\u0644\u0641\u0646\u064a\u0629 P \u0646\u0645\u0648\u0630\u062c \u2026\u2026\u2026\u2026\u2026\u2026\u2026\u2026\u2026\u2026\u2026\u2026 ..: \u0644\u062b\u0644\u0627\u062b\u0629 \u0623\u0634\u062e\u0627\u0635 \u0633\u0631\u064a\u0631 \u0623\u0631\u064a\u0643\u0629 \u0627\u0644\u0627\u0631\u062a\u0641\u0627\u0639 \u2026\u2026\u2026\u2026\u2026\u2026\u2026\u2026\u2026\u2026\u2026\u2026\u2026\u2026 ..: 85 \u0633\u0645 \u0627\u0644\u0639\u0631\u0636 \u2026\u2026\u2026\u2026\u2026\u2026\u2026\u2026\u2026\u2026\u2026\u2026\u2026\u2026\u2026\u2026\u2026\u2026: 220 \u0633\u0645 \u0627\u0644\u0639\u0645\u0642 \u2026\u2026\u2026\u2026\u2026\u2026\u2026\u2026\u2026\u2026\u2026\u2026\u2026\u2026\u2026\u2026\u2026\u2026: 85 \u0633\u0645 \u0627\u0644\u0644\u0648\u0646 \u2026\u2026\u2026\u2026\u2026\u2026\u2026\u2026\u2026\u2026\u2026\u2026\u2026\u2026 ..: \u0627\u062e\u062a\u064a\u0627\u0631\u064a \u0633\u0639\u062a\u0647\u0627 \u2026\u2026\u2026\u2026\u2026\u2026\u2026\u2026\u2026\u2026\u2026\u2026\u2026: \u0644\u062b\u0644\u0627\u062b\u0629 \u0623\u0634\u062e\u0627\u0635 \u0627\u0644\u0648\u0632\u0646 \u2026\u2026\u2026\u2026\u2026\u2026\u2026\u2026\u2026\u2026\u2026\u2026\u2026\u2026\u2026\u2026\u2026\u2026\u2026\u2026: 70 \u0643\u062c\u0645 \u062e\u0627\u0635\u064a\u0629 \u2026\u2026\u2026\u2026\u2026\u2026\u2026\u2026\u2026\u2026\u2026\u2026\u2026 ..: \u0627\u0644\u0642\u0627\u0639\u062f\u0629 \u0639\u0645\u0642 \u0627\u0644\u0633\u0631\u064a\u0631 \u0639\u0646\u062f \u0627\u0644\u0641\u062a\u062d \u2026\u2026: 110 \u0633\u0645 \u0627\u0631\u062a\u0641\u0627\u0639 \u0645\u0646\u0637\u0642\u0629 \u0627\u0644\u062c\u0644\u0648\u0633 \u2026\u2026\u2026\u2026\u2026: 42 \u0633\u0645 \u0645\u0646\u0637\u0642\u0629 \u0627\u0644\u062c\u0644\u0648\u0633 \u2026\u2026\u2026\u2026\u2026\u2026\u2026\u2026\u2026\u2026&#8230; <\/p>\n","protected":false},"author":1,"featured_media":861,"parent":482,"menu_order":0,"comment_status":"closed","ping_status":"closed","template":"","meta":{"footnotes":"","_links_to":"","_links_to_target":""},"class_list":["post-855","page","type-page","status-publish","has-post-thumbnail","hentry"],"_links":{"self":[{"href":"https:\/\/www.pirimlar.com\/ar\/index.php?rest_route=\/wp\/v2\/pages\/855","targetHints":{"allow":["GET"]}}],"collection":[{"href":"https:\/\/www.pirimlar.com\/ar\/index.php?rest_route=\/wp\/v2\/pages"}],"about":[{"href":"https:\/\/www.pirimlar.com\/ar\/index.php?rest_route=\/wp\/v2\/types\/page"}],"author":[{"embeddable":true,"href":"https:\/\/www.pirimlar.com\/ar\/index.php?rest_route=\/wp\/v2\/users\/1"}],"replies":[{"embeddable":true,"href":"https:\/\/www.pirimlar.com\/ar\/index.php?rest_route=%2Fwp%2Fv2%2Fcomments&post=855"}],"version-history":[{"count":1,"href":"https:\/\/www.pirimlar.com\/ar\/index.php?rest_route=\/wp\/v2\/pages\/855\/revisions"}],"predecessor-version":[{"id":862,"href":"https:\/\/www.pirimlar.com\/ar\/index.php?rest_route=\/wp\/v2\/pages\/855\/revisions\/862"}],"up":[{"embeddable":true,"href":"https:\/\/www.pirimlar.com\/ar\/index.php?rest_route=\/wp\/v2\/pages\/482"}],"wp:featuredmedia":[{"embeddable":true,"href":"https:\/\/www.pirimlar.com\/ar\/index.php?rest_route=\/wp\/v2\/media\/861"}],"wp:attachment":[{"href":"https:\/\/www.pirimlar.com\/ar\/index.php?rest_route=%2Fwp%2Fv2%2Fmedia&parent=855"}],"curies":[{"name":"wp","href":"https:\/\/api.w.org\/{rel}","templated":true}]}}