{"id":838,"date":"2023-10-19T07:17:58","date_gmt":"2023-10-19T07:17:58","guid":{"rendered":"https:\/\/www.pirimlar.com\/ar\/?page_id=838"},"modified":"2023-10-19T07:17:59","modified_gmt":"2023-10-19T07:17:59","slug":"%d8%b3%d8%b1%d9%8a%d8%b1-%d8%a3%d8%b1%d9%8a%d9%83%d8%a9-%d9%85%d8%b2%d8%af%d9%88%d8%ac-elif","status":"publish","type":"page","link":"https:\/\/www.pirimlar.com\/ar\/?page_id=838","title":{"rendered":"\u0633\u0631\u064a\u0631 \u0623\u0631\u064a\u0643\u0629 \u0645\u0632\u062f\u0648\u062c EL\u0130F"},"content":{"rendered":"\n<figure class=\"wp-block-image size-full\"><img loading=\"lazy\" decoding=\"async\" width=\"600\" height=\"800\" src=\"https:\/\/www.pirimlar.com\/ar\/wp-content\/uploads\/2023\/10\/9d82f634-dcf4-42ea-a57a-d4da38310155.jpg\" alt=\"EL\u0130F \u0130K\u0130L\u0130\" class=\"wp-image-839\" srcset=\"https:\/\/www.pirimlar.com\/ar\/wp-content\/uploads\/2023\/10\/9d82f634-dcf4-42ea-a57a-d4da38310155.jpg 600w, https:\/\/www.pirimlar.com\/ar\/wp-content\/uploads\/2023\/10\/9d82f634-dcf4-42ea-a57a-d4da38310155-225x300.jpg 225w\" sizes=\"auto, (max-width: 600px) 100vw, 600px\" \/><\/figure>\n\n\n\n<figure class=\"wp-block-image size-full\"><img loading=\"lazy\" decoding=\"async\" width=\"600\" height=\"800\" src=\"https:\/\/www.pirimlar.com\/ar\/wp-content\/uploads\/2023\/10\/2890b702-9ecf-432e-811d-30aaa0a75d06.jpg\" alt=\"EL\u0130F \u0130K\u0130L\u0130\" class=\"wp-image-840\" srcset=\"https:\/\/www.pirimlar.com\/ar\/wp-content\/uploads\/2023\/10\/2890b702-9ecf-432e-811d-30aaa0a75d06.jpg 600w, https:\/\/www.pirimlar.com\/ar\/wp-content\/uploads\/2023\/10\/2890b702-9ecf-432e-811d-30aaa0a75d06-225x300.jpg 225w\" sizes=\"auto, (max-width: 600px) 100vw, 600px\" \/><\/figure>\n\n\n\n<figure class=\"wp-block-image size-full\"><img loading=\"lazy\" decoding=\"async\" width=\"600\" height=\"800\" src=\"https:\/\/www.pirimlar.com\/ar\/wp-content\/uploads\/2023\/10\/d0a0a3ad-66d2-4013-b491-c9585ac0ae9a.jpg\" alt=\"EL\u0130F \u0130K\u0130L\u0130\" class=\"wp-image-841\" srcset=\"https:\/\/www.pirimlar.com\/ar\/wp-content\/uploads\/2023\/10\/d0a0a3ad-66d2-4013-b491-c9585ac0ae9a.jpg 600w, https:\/\/www.pirimlar.com\/ar\/wp-content\/uploads\/2023\/10\/d0a0a3ad-66d2-4013-b491-c9585ac0ae9a-225x300.jpg 225w\" sizes=\"auto, (max-width: 600px) 100vw, 600px\" \/><\/figure>\n\n\n\n<p>\u0627\u0644\u0645\u0648\u0627\u0635\u0641\u0627\u062a \u0627\u0644\u0641\u0646\u064a\u0629<br> \u0646\u0645\u0648\u0630\u062c \u2026\u2026\u2026\u2026\u2026\u2026\u2026\u2026\u2026\u2026\u2026\u2026\u2026\u2026\u2026: \u0633\u0631\u064a\u0631 \u0645\u0632\u062f\u0648\u062c \u0644\u0644\u0623\u0631\u064a\u0643\u0629 \u0645\u0646 EL\u0130F<br> \u0627\u0644\u0627\u0631\u062a\u0641\u0627\u0639 \u2026\u2026\u2026\u2026\u2026\u2026\u2026\u2026\u2026\u2026\u2026\u2026.: 85 \u0633\u0645<br> \u0627\u0644\u0639\u0631\u0636 \u2026\u2026\u2026\u2026\u2026\u2026\u2026\u2026\u2026\u2026\u2026\u2026\u2026\u2026\u2026\u2026\u2026\u2026: 170 \u0633\u0645<br> \u0627\u0644\u0639\u0645\u0642 \u2026\u2026\u2026\u2026\u2026\u2026\u2026\u2026\u2026\u2026\u2026\u2026\u2026\u2026\u2026\u2026\u2026\u2026\u2026: 86 \u0633\u0645<br> \u0627\u0644\u0644\u0648\u0646 \u2026\u2026\u2026\u2026\u2026\u2026\u2026\u2026\u2026\u2026\u2026\u2026\u2026\u2026 ..: \u0627\u062e\u062a\u064a\u0627\u0631\u064a<br> \u0633\u0639\u062a\u0647\u0627 \u2026\u2026\u2026\u2026\u2026\u2026\u2026\u2026\u2026\u2026\u2026\u2026\u2026: \u0644\u0634\u062e\u0635\u064a\u0646<br> \u0627\u0644\u0648\u0632\u0646 \u2026\u2026\u2026\u2026\u2026\u2026\u2026\u2026\u2026\u2026\u2026\u2026\u2026\u2026\u2026\u2026\u2026\u2026: 90 \u0643\u062c\u0645<br> \u062e\u0627\u0635\u064a\u0629 \u2026\u2026\u2026\u2026\u2026\u2026\u2026\u2026\u2026\u2026\u2026\u2026\u2026 ..: \u0627\u0644\u0642\u0627\u0639\u062f\u0629<br> \u0639\u0645\u0642 \u0627\u0644\u0633\u0631\u064a\u0631 \u0639\u0646\u062f \u0627\u0644\u0641\u062a\u062d \u2026\u2026: 190 \u0633\u0645<br> \u0627\u0631\u062a\u0641\u0627\u0639 \u0645\u0646\u0637\u0642\u0629 \u0627\u0644\u062c\u0644\u0648\u0633 \u2026\u2026\u2026\u2026\u2026\u2026\u2026: 43 \u0633\u0645<br> \u0645\u0646\u0637\u0642\u0629 \u0627\u0644\u062c\u0644\u0648\u0633 \u2026\u2026\u2026\u2026\u2026\u2026\u2026\u2026\u2026\u2026 ..: 150 \u0633\u0645<br> \u0645\u0646\u0637\u0642\u0629 \u0627\u0644\u0645\u0639\u064a\u0634\u0629 \u2026\u2026\u2026\u2026\u2026\u2026\u2026\u2026\u2026\u2026\u2026\u2026 ..: 65 \u0633\u0645<\/p>\n","protected":false},"excerpt":{"rendered":"<p>\u0627\u0644\u0645\u0648\u0627\u0635\u0641\u0627\u062a \u0627\u0644\u0641\u0646\u064a\u0629 \u0646\u0645\u0648\u0630\u062c \u2026\u2026\u2026\u2026\u2026\u2026\u2026\u2026\u2026\u2026\u2026\u2026\u2026\u2026\u2026: \u0633\u0631\u064a\u0631 \u0645\u0632\u062f\u0648\u062c \u0644\u0644\u0623\u0631\u064a\u0643\u0629 \u0645\u0646 EL\u0130F \u0627\u0644\u0627\u0631\u062a\u0641\u0627\u0639 \u2026\u2026\u2026\u2026\u2026\u2026\u2026\u2026\u2026\u2026\u2026\u2026.: 85 \u0633\u0645 \u0627\u0644\u0639\u0631\u0636 \u2026\u2026\u2026\u2026\u2026\u2026\u2026\u2026\u2026\u2026\u2026\u2026\u2026\u2026\u2026\u2026\u2026\u2026: 170 \u0633\u0645 \u0627\u0644\u0639\u0645\u0642 \u2026\u2026\u2026\u2026\u2026\u2026\u2026\u2026\u2026\u2026\u2026\u2026\u2026\u2026\u2026\u2026\u2026\u2026\u2026: 86 \u0633\u0645 \u0627\u0644\u0644\u0648\u0646 \u2026\u2026\u2026\u2026\u2026\u2026\u2026\u2026\u2026\u2026\u2026\u2026\u2026\u2026 ..: \u0627\u062e\u062a\u064a\u0627\u0631\u064a \u0633\u0639\u062a\u0647\u0627 \u2026\u2026\u2026\u2026\u2026\u2026\u2026\u2026\u2026\u2026\u2026\u2026\u2026: \u0644\u0634\u062e\u0635\u064a\u0646 \u0627\u0644\u0648\u0632\u0646 \u2026\u2026\u2026\u2026\u2026\u2026\u2026\u2026\u2026\u2026\u2026\u2026\u2026\u2026\u2026\u2026\u2026\u2026: 90 \u0643\u062c\u0645 \u062e\u0627\u0635\u064a\u0629 \u2026\u2026\u2026\u2026\u2026\u2026\u2026\u2026\u2026\u2026\u2026\u2026\u2026 ..: \u0627\u0644\u0642\u0627\u0639\u062f\u0629 \u0639\u0645\u0642 \u0627\u0644\u0633\u0631\u064a\u0631 \u0639\u0646\u062f \u0627\u0644\u0641\u062a\u062d \u2026\u2026: 190 \u0633\u0645 \u0627\u0631\u062a\u0641\u0627\u0639 \u0645\u0646\u0637\u0642\u0629 \u0627\u0644\u062c\u0644\u0648\u0633 \u2026\u2026\u2026\u2026\u2026\u2026\u2026: 43 \u0633\u0645 \u0645\u0646\u0637\u0642\u0629 \u0627\u0644\u062c\u0644\u0648\u0633 \u2026\u2026\u2026\u2026\u2026\u2026\u2026\u2026\u2026\u2026 ..: 150 \u0633\u0645&#8230; <\/p>\n","protected":false},"author":1,"featured_media":842,"parent":482,"menu_order":0,"comment_status":"closed","ping_status":"closed","template":"full-width.php","meta":{"footnotes":"","_links_to":"","_links_to_target":""},"class_list":["post-838","page","type-page","status-publish","has-post-thumbnail","hentry"],"_links":{"self":[{"href":"https:\/\/www.pirimlar.com\/ar\/index.php?rest_route=\/wp\/v2\/pages\/838","targetHints":{"allow":["GET"]}}],"collection":[{"href":"https:\/\/www.pirimlar.com\/ar\/index.php?rest_route=\/wp\/v2\/pages"}],"about":[{"href":"https:\/\/www.pirimlar.com\/ar\/index.php?rest_route=\/wp\/v2\/types\/page"}],"author":[{"embeddable":true,"href":"https:\/\/www.pirimlar.com\/ar\/index.php?rest_route=\/wp\/v2\/users\/1"}],"replies":[{"embeddable":true,"href":"https:\/\/www.pirimlar.com\/ar\/index.php?rest_route=%2Fwp%2Fv2%2Fcomments&post=838"}],"version-history":[{"count":1,"href":"https:\/\/www.pirimlar.com\/ar\/index.php?rest_route=\/wp\/v2\/pages\/838\/revisions"}],"predecessor-version":[{"id":843,"href":"https:\/\/www.pirimlar.com\/ar\/index.php?rest_route=\/wp\/v2\/pages\/838\/revisions\/843"}],"up":[{"embeddable":true,"href":"https:\/\/www.pirimlar.com\/ar\/index.php?rest_route=\/wp\/v2\/pages\/482"}],"wp:featuredmedia":[{"embeddable":true,"href":"https:\/\/www.pirimlar.com\/ar\/index.php?rest_route=\/wp\/v2\/media\/842"}],"wp:attachment":[{"href":"https:\/\/www.pirimlar.com\/ar\/index.php?rest_route=%2Fwp%2Fv2%2Fmedia&parent=838"}],"curies":[{"name":"wp","href":"https:\/\/api.w.org\/{rel}","templated":true}]}}