{"id":671,"date":"2022-12-21T20:33:05","date_gmt":"2022-12-21T20:33:05","guid":{"rendered":"https:\/\/www.pirimlar.com\/ar\/?page_id=671"},"modified":"2022-12-21T20:33:56","modified_gmt":"2022-12-21T20:33:56","slug":"%d8%a7%d9%84%d9%8a%d8%b3%d9%8a%d9%85","status":"publish","type":"page","link":"https:\/\/www.pirimlar.com\/ar\/?page_id=671","title":{"rendered":"\u0627\u0644\u064a\u0633\u064a\u0645"},"content":{"rendered":"\n<figure class=\"wp-block-image size-full\"><img loading=\"lazy\" decoding=\"async\" width=\"725\" height=\"223\" src=\"https:\/\/www.pirimlar.com\/ar\/wp-content\/uploads\/2022\/12\/logo-zarf-1.jpg\" alt=\"\" class=\"wp-image-659\" srcset=\"https:\/\/www.pirimlar.com\/ar\/wp-content\/uploads\/2022\/12\/logo-zarf-1.jpg 725w, https:\/\/www.pirimlar.com\/ar\/wp-content\/uploads\/2022\/12\/logo-zarf-1-300x92.jpg 300w\" sizes=\"auto, (max-width: 725px) 100vw, 725px\" \/><figcaption class=\"wp-element-caption\"><strong>FABR\u0130KA TEL\u00a0 \u00a0 \u00a0 \u00a0 \u00a0 \u00a0 \u00a0 \u00a0 \u00a0 \u00a0 \u00a0 \u00a0 \u00a0 : +90 850 259 79 70<\/strong><br><strong>M\u00dc\u015eTER\u0130 TEMS\u0130LC\u0130S\u0130 TEL\u00a0 \u00a0 : +90 212 494 25 70<\/strong><br><strong>KOLTUK TAM\u0130R\u0130 TEL\u00a0 \u00a0 \u00a0 \u00a0 \u00a0 \u00a0 \u00a0 : +90 551 620 49 67<\/strong><br><strong>REFAKAT\u00c7\u0130 KOLTU\u011eU TEL\u00a0 \u00a0: +90 542 251 11 70<\/strong><br><strong>OF\u0130S KOLTU\u011eU TEL\u00a0 \u00a0 \u00a0 \u00a0 \u00a0 \u00a0 \u00a0 \u00a0: +90 535 361 22 76<\/strong><br>Email:\u00a0<strong><a href=\"mailto:refakatcikoltugu@gmail.com\">refakatcikoltugu@gmail.com<\/a><\/strong><br>Web: www.pirimlar.com\/ar<\/figcaption><\/figure>\n","protected":false},"excerpt":{"rendered":"","protected":false},"author":1,"featured_media":672,"parent":0,"menu_order":0,"comment_status":"closed","ping_status":"closed","template":"","meta":{"footnotes":"","_links_to":"","_links_to_target":""},"class_list":["post-671","page","type-page","status-publish","has-post-thumbnail","hentry"],"_links":{"self":[{"href":"https:\/\/www.pirimlar.com\/ar\/index.php?rest_route=\/wp\/v2\/pages\/671","targetHints":{"allow":["GET"]}}],"collection":[{"href":"https:\/\/www.pirimlar.com\/ar\/index.php?rest_route=\/wp\/v2\/pages"}],"about":[{"href":"https:\/\/www.pirimlar.com\/ar\/index.php?rest_route=\/wp\/v2\/types\/page"}],"author":[{"embeddable":true,"href":"https:\/\/www.pirimlar.com\/ar\/index.php?rest_route=\/wp\/v2\/users\/1"}],"replies":[{"embeddable":true,"href":"https:\/\/www.pirimlar.com\/ar\/index.php?rest_route=%2Fwp%2Fv2%2Fcomments&post=671"}],"version-history":[{"count":2,"href":"https:\/\/www.pirimlar.com\/ar\/index.php?rest_route=\/wp\/v2\/pages\/671\/revisions"}],"predecessor-version":[{"id":674,"href":"https:\/\/www.pirimlar.com\/ar\/index.php?rest_route=\/wp\/v2\/pages\/671\/revisions\/674"}],"wp:featuredmedia":[{"embeddable":true,"href":"https:\/\/www.pirimlar.com\/ar\/index.php?rest_route=\/wp\/v2\/media\/672"}],"wp:attachment":[{"href":"https:\/\/www.pirimlar.com\/ar\/index.php?rest_route=%2Fwp%2Fv2%2Fmedia&parent=671"}],"curies":[{"name":"wp","href":"https:\/\/api.w.org\/{rel}","templated":true}]}}