{"id":377,"date":"2018-11-17T14:56:25","date_gmt":"2018-11-17T14:56:25","guid":{"rendered":"https:\/\/www.pirimlar.com\/ankara\/?page_id=377"},"modified":"2019-01-02T23:37:35","modified_gmt":"2019-01-02T23:37:35","slug":"ankara-ofis-koltuk-mekanizma-amortisor-tamiri","status":"publish","type":"page","link":"https:\/\/www.pirimlar.com\/ankara\/?page_id=377","title":{"rendered":"Ankara ofis koltuk mekanizma amortis\u00f6r tamiri +90 5552685285"},"content":{"rendered":"<p>Ankara ofis koltuk mekanizma amortis\u00f6r tamiri +90 5552685285<\/p>\n<p><img loading=\"lazy\" decoding=\"async\" class=\"size-medium wp-image-347 aligncenter\" src=\"https:\/\/www.pirimlar.com\/ankara\/wp-content\/uploads\/2018\/11\/ankara-ofis-koltuk-mekanizma-amortisor-degisimi-22-300x118.jpg\" alt=\"\" width=\"300\" height=\"118\" srcset=\"https:\/\/www.pirimlar.com\/ankara\/wp-content\/uploads\/2018\/11\/ankara-ofis-koltuk-mekanizma-amortisor-degisimi-22-300x118.jpg 300w, https:\/\/www.pirimlar.com\/ankara\/wp-content\/uploads\/2018\/11\/ankara-ofis-koltuk-mekanizma-amortisor-degisimi-22-768x302.jpg 768w, https:\/\/www.pirimlar.com\/ankara\/wp-content\/uploads\/2018\/11\/ankara-ofis-koltuk-mekanizma-amortisor-degisimi-22.jpg 851w\" sizes=\"auto, (max-width: 300px) 100vw, 300px\" \/><\/p>\n<p>Ankara Ekig\u00fcl koltuk tamiri olarak sizlere her zaman en iyi hizmeti ve en kaliteli par\u00e7alar\u0131 sunmak i\u00e7in \u00e7al\u0131\u015f\u0131yoruz. Elimizde mevcut olan yerli ve yabanc\u0131 b\u00fct\u00fcn par\u00e7alar\u0131 isterseniz sizlere kargolayabilir veya hizmet b\u00f6lgelerimiz k\u0131sm\u0131ndan adresinize gelerek biz size ula\u015ft\u0131rabiliriz.<\/p>\n<p><img loading=\"lazy\" decoding=\"async\" class=\"size-medium wp-image-343 aligncenter\" src=\"https:\/\/www.pirimlar.com\/ankara\/wp-content\/uploads\/2018\/11\/ankara-ofis-koltuk-mekanizma-amortisor-degisimi-300x145.jpeg\" alt=\"\" width=\"300\" height=\"145\" srcset=\"https:\/\/www.pirimlar.com\/ankara\/wp-content\/uploads\/2018\/11\/ankara-ofis-koltuk-mekanizma-amortisor-degisimi-300x145.jpeg 300w, https:\/\/www.pirimlar.com\/ankara\/wp-content\/uploads\/2018\/11\/ankara-ofis-koltuk-mekanizma-amortisor-degisimi-768x372.jpeg 768w, https:\/\/www.pirimlar.com\/ankara\/wp-content\/uploads\/2018\/11\/ankara-ofis-koltuk-mekanizma-amortisor-degisimi-1024x496.jpeg 1024w, https:\/\/www.pirimlar.com\/ankara\/wp-content\/uploads\/2018\/11\/ankara-ofis-koltuk-mekanizma-amortisor-degisimi.jpeg 2000w\" sizes=\"auto, (max-width: 300px) 100vw, 300px\" \/><\/p>\n<p>Ankara Ekig\u00fcl koltuk tamiri, ofis koltuklar\u0131n\u0131n ayak, tekerlek, mekanizma ve amortis\u00f6r de\u011fi\u015fim hizmetini sunuyor, ayr\u0131ca ofis koltuklar\u0131n\u0131z\u0131n y\u0131pranm\u0131\u015f olan kuma\u015f ve derilerini de\u011fi\u015ftiriyoruz, tamir ediyoruz.<\/p>\n<p><img loading=\"lazy\" decoding=\"async\" class=\"size-medium wp-image-345 aligncenter\" src=\"https:\/\/www.pirimlar.com\/ankara\/wp-content\/uploads\/2018\/11\/ankara-ofis-koltuk-mekanizma-amortisor-degisimi-17-300x150.jpg\" alt=\"\" width=\"300\" height=\"150\" srcset=\"https:\/\/www.pirimlar.com\/ankara\/wp-content\/uploads\/2018\/11\/ankara-ofis-koltuk-mekanizma-amortisor-degisimi-17-300x150.jpg 300w, https:\/\/www.pirimlar.com\/ankara\/wp-content\/uploads\/2018\/11\/ankara-ofis-koltuk-mekanizma-amortisor-degisimi-17-768x384.jpg 768w, https:\/\/www.pirimlar.com\/ankara\/wp-content\/uploads\/2018\/11\/ankara-ofis-koltuk-mekanizma-amortisor-degisimi-17-1024x512.jpg 1024w, https:\/\/www.pirimlar.com\/ankara\/wp-content\/uploads\/2018\/11\/ankara-ofis-koltuk-mekanizma-amortisor-degisimi-17.jpg 1600w\" sizes=\"auto, (max-width: 300px) 100vw, 300px\" \/><\/p>\n<p>Ankaran\u0131n her semtine servisimiz mevcut olup ayn\u0131 g\u00fcn i\u00e7inde koltuklar\u0131n\u0131z\u0131n amotis\u00f6rlerini de\u011fi\u015ftiriyoruz,ofis koltuklar\u0131n\u0131z\u0131n y\u00fcz\u00fcn\u00fc de\u011fi\u015ftiriyoruz.<\/p>\n\n\t\t<style type=\"text\/css\">\n\t\t\t#gallery-1 {\n\t\t\t\tmargin: auto;\n\t\t\t}\n\t\t\t#gallery-1 .gallery-item {\n\t\t\t\tfloat: left;\n\t\t\t\tmargin-top: 10px;\n\t\t\t\ttext-align: center;\n\t\t\t\twidth: 33%;\n\t\t\t}\n\t\t\t#gallery-1 img {\n\t\t\t\tborder: 2px solid #cfcfcf;\n\t\t\t}\n\t\t\t#gallery-1 .gallery-caption {\n\t\t\t\tmargin-left: 0;\n\t\t\t}\n\t\t\t\/* see gallery_shortcode() in wp-includes\/media.php *\/\n\t\t<\/style>\n\t\t<div id='gallery-1' class='gallery galleryid-377 gallery-columns-3 gallery-size-thumbnail'><dl class='gallery-item'>\n\t\t\t<dt class='gallery-icon landscape'>\n\t\t\t\t<a href='https:\/\/www.pirimlar.com\/ankara\/?attachment_id=349#main'><img loading=\"lazy\" decoding=\"async\" width=\"150\" height=\"150\" src=\"https:\/\/www.pirimlar.com\/ankara\/wp-content\/uploads\/2018\/11\/ankara-ofis-koltuk-mekanizma-amortisor-degisimi-1-150x150.jpg\" class=\"attachment-thumbnail size-thumbnail\" alt=\"Ankara ofis koltuk mekanizma amortis\u00f6r tamiri\" aria-describedby=\"gallery-1-349\" srcset=\"https:\/\/www.pirimlar.com\/ankara\/wp-content\/uploads\/2018\/11\/ankara-ofis-koltuk-mekanizma-amortisor-degisimi-1-150x150.jpg 150w, https:\/\/www.pirimlar.com\/ankara\/wp-content\/uploads\/2018\/11\/ankara-ofis-koltuk-mekanizma-amortisor-degisimi-1-300x300.jpg 300w, https:\/\/www.pirimlar.com\/ankara\/wp-content\/uploads\/2018\/11\/ankara-ofis-koltuk-mekanizma-amortisor-degisimi-1.jpg 500w\" sizes=\"auto, (max-width: 150px) 100vw, 150px\" \/><\/a>\n\t\t\t<\/dt>\n\t\t\t\t<dd class='wp-caption-text gallery-caption' id='gallery-1-349'>\n\t\t\t\tAnkara ofis koltuk mekanizma amortis\u00f6r tamiri\n\t\t\t\t<\/dd><\/dl><dl class='gallery-item'>\n\t\t\t<dt class='gallery-icon landscape'>\n\t\t\t\t<a href='https:\/\/www.pirimlar.com\/ankara\/?attachment_id=350#main'><img loading=\"lazy\" decoding=\"async\" width=\"150\" height=\"150\" src=\"https:\/\/www.pirimlar.com\/ankara\/wp-content\/uploads\/2018\/11\/ankara-ofis-koltuk-mekanizma-amortisor-degisimi-2-150x150.jpg\" class=\"attachment-thumbnail size-thumbnail\" alt=\"Ankara ofis koltuk mekanizma amortis\u00f6r tamiri\" aria-describedby=\"gallery-1-350\" srcset=\"https:\/\/www.pirimlar.com\/ankara\/wp-content\/uploads\/2018\/11\/ankara-ofis-koltuk-mekanizma-amortisor-degisimi-2-150x150.jpg 150w, https:\/\/www.pirimlar.com\/ankara\/wp-content\/uploads\/2018\/11\/ankara-ofis-koltuk-mekanizma-amortisor-degisimi-2-300x300.jpg 300w, https:\/\/www.pirimlar.com\/ankara\/wp-content\/uploads\/2018\/11\/ankara-ofis-koltuk-mekanizma-amortisor-degisimi-2.jpg 400w\" sizes=\"auto, (max-width: 150px) 100vw, 150px\" \/><\/a>\n\t\t\t<\/dt>\n\t\t\t\t<dd class='wp-caption-text gallery-caption' id='gallery-1-350'>\n\t\t\t\tAnkara ofis koltuk mekanizma amortis\u00f6r tamiri\n\t\t\t\t<\/dd><\/dl><dl class='gallery-item'>\n\t\t\t<dt class='gallery-icon landscape'>\n\t\t\t\t<a href='https:\/\/www.pirimlar.com\/ankara\/?attachment_id=351#main'><img loading=\"lazy\" decoding=\"async\" width=\"150\" height=\"150\" src=\"https:\/\/www.pirimlar.com\/ankara\/wp-content\/uploads\/2018\/11\/ankara-ofis-koltuk-mekanizma-amortisor-degisimi-3-150x150.jpg\" class=\"attachment-thumbnail size-thumbnail\" alt=\"Ankara ofis koltuk mekanizma amortis\u00f6r tamiri\" aria-describedby=\"gallery-1-351\" \/><\/a>\n\t\t\t<\/dt>\n\t\t\t\t<dd class='wp-caption-text gallery-caption' id='gallery-1-351'>\n\t\t\t\tAnkara ofis koltuk mekanizma amortis\u00f6r tamiri\n\t\t\t\t<\/dd><\/dl><br style=\"clear: both\" \/><dl class='gallery-item'>\n\t\t\t<dt class='gallery-icon landscape'>\n\t\t\t\t<a href='https:\/\/www.pirimlar.com\/ankara\/?attachment_id=352#main'><img loading=\"lazy\" decoding=\"async\" width=\"150\" height=\"150\" src=\"https:\/\/www.pirimlar.com\/ankara\/wp-content\/uploads\/2018\/11\/ankara-ofis-koltuk-mekanizma-amortisor-degisimi-4-150x150.jpg\" class=\"attachment-thumbnail size-thumbnail\" alt=\"Ankara ofis koltuk mekanizma amortis\u00f6r tamiri\" aria-describedby=\"gallery-1-352\" srcset=\"https:\/\/www.pirimlar.com\/ankara\/wp-content\/uploads\/2018\/11\/ankara-ofis-koltuk-mekanizma-amortisor-degisimi-4-150x150.jpg 150w, https:\/\/www.pirimlar.com\/ankara\/wp-content\/uploads\/2018\/11\/ankara-ofis-koltuk-mekanizma-amortisor-degisimi-4-300x300.jpg 300w, https:\/\/www.pirimlar.com\/ankara\/wp-content\/uploads\/2018\/11\/ankara-ofis-koltuk-mekanizma-amortisor-degisimi-4.jpg 400w\" sizes=\"auto, (max-width: 150px) 100vw, 150px\" \/><\/a>\n\t\t\t<\/dt>\n\t\t\t\t<dd class='wp-caption-text gallery-caption' id='gallery-1-352'>\n\t\t\t\tAnkara ofis koltuk mekanizma amortis\u00f6r tamiri\n\t\t\t\t<\/dd><\/dl><dl class='gallery-item'>\n\t\t\t<dt class='gallery-icon landscape'>\n\t\t\t\t<a href='https:\/\/www.pirimlar.com\/ankara\/?attachment_id=353#main'><img loading=\"lazy\" decoding=\"async\" width=\"150\" height=\"150\" src=\"https:\/\/www.pirimlar.com\/ankara\/wp-content\/uploads\/2018\/11\/ankara-ofis-koltuk-mekanizma-amortisor-degisimi-5-150x150.jpg\" class=\"attachment-thumbnail size-thumbnail\" alt=\"Ankara ofis koltuk mekanizma amortis\u00f6r tamiri\" aria-describedby=\"gallery-1-353\" srcset=\"https:\/\/www.pirimlar.com\/ankara\/wp-content\/uploads\/2018\/11\/ankara-ofis-koltuk-mekanizma-amortisor-degisimi-5-150x150.jpg 150w, https:\/\/www.pirimlar.com\/ankara\/wp-content\/uploads\/2018\/11\/ankara-ofis-koltuk-mekanizma-amortisor-degisimi-5.jpg 300w\" sizes=\"auto, (max-width: 150px) 100vw, 150px\" \/><\/a>\n\t\t\t<\/dt>\n\t\t\t\t<dd class='wp-caption-text gallery-caption' id='gallery-1-353'>\n\t\t\t\tAnkara ofis koltuk mekanizma amortis\u00f6r tamiri\n\t\t\t\t<\/dd><\/dl><dl class='gallery-item'>\n\t\t\t<dt class='gallery-icon landscape'>\n\t\t\t\t<a href='https:\/\/www.pirimlar.com\/ankara\/?attachment_id=354#main'><img loading=\"lazy\" decoding=\"async\" width=\"150\" height=\"150\" src=\"https:\/\/www.pirimlar.com\/ankara\/wp-content\/uploads\/2018\/11\/ankara-ofis-koltuk-mekanizma-amortisor-degisimi-6-150x150.jpg\" class=\"attachment-thumbnail size-thumbnail\" alt=\"Ankara ofis koltuk mekanizma amortis\u00f6r tamiri\" aria-describedby=\"gallery-1-354\" srcset=\"https:\/\/www.pirimlar.com\/ankara\/wp-content\/uploads\/2018\/11\/ankara-ofis-koltuk-mekanizma-amortisor-degisimi-6-150x150.jpg 150w, https:\/\/www.pirimlar.com\/ankara\/wp-content\/uploads\/2018\/11\/ankara-ofis-koltuk-mekanizma-amortisor-degisimi-6.jpg 300w\" sizes=\"auto, (max-width: 150px) 100vw, 150px\" \/><\/a>\n\t\t\t<\/dt>\n\t\t\t\t<dd class='wp-caption-text gallery-caption' id='gallery-1-354'>\n\t\t\t\tAnkara ofis koltuk mekanizma amortis\u00f6r tamiri\n\t\t\t\t<\/dd><\/dl><br style=\"clear: both\" \/><dl class='gallery-item'>\n\t\t\t<dt class='gallery-icon landscape'>\n\t\t\t\t<a href='https:\/\/www.pirimlar.com\/ankara\/?attachment_id=355#main'><img loading=\"lazy\" decoding=\"async\" width=\"150\" height=\"150\" src=\"https:\/\/www.pirimlar.com\/ankara\/wp-content\/uploads\/2018\/11\/ankara-ofis-koltuk-mekanizma-amortisor-degisimi-7-150x150.jpeg\" class=\"attachment-thumbnail size-thumbnail\" alt=\"Ankara ofis koltuk mekanizma amortis\u00f6r tamiri\" aria-describedby=\"gallery-1-355\" \/><\/a>\n\t\t\t<\/dt>\n\t\t\t\t<dd class='wp-caption-text gallery-caption' id='gallery-1-355'>\n\t\t\t\tAnkara ofis koltuk mekanizma amortis\u00f6r tamiri\n\t\t\t\t<\/dd><\/dl><dl class='gallery-item'>\n\t\t\t<dt class='gallery-icon landscape'>\n\t\t\t\t<a href='https:\/\/www.pirimlar.com\/ankara\/?attachment_id=356#main'><img loading=\"lazy\" decoding=\"async\" width=\"150\" height=\"150\" src=\"https:\/\/www.pirimlar.com\/ankara\/wp-content\/uploads\/2018\/11\/ankara-ofis-koltuk-mekanizma-amortisor-degisimi-8-150x150.jpeg\" class=\"attachment-thumbnail size-thumbnail\" alt=\"Ankara ofis koltuk mekanizma amortis\u00f6r tamiri\" aria-describedby=\"gallery-1-356\" \/><\/a>\n\t\t\t<\/dt>\n\t\t\t\t<dd class='wp-caption-text gallery-caption' id='gallery-1-356'>\n\t\t\t\tAnkara ofis koltuk mekanizma amortis\u00f6r tamiri\n\t\t\t\t<\/dd><\/dl><dl class='gallery-item'>\n\t\t\t<dt class='gallery-icon landscape'>\n\t\t\t\t<a href='https:\/\/www.pirimlar.com\/ankara\/?attachment_id=357#main'><img loading=\"lazy\" decoding=\"async\" width=\"150\" height=\"150\" src=\"https:\/\/www.pirimlar.com\/ankara\/wp-content\/uploads\/2018\/11\/ankara-ofis-koltuk-mekanizma-amortisor-degisimi-9-150x150.jpg\" class=\"attachment-thumbnail size-thumbnail\" alt=\"Ankara ofis koltuk mekanizma amortis\u00f6r tamiri\" aria-describedby=\"gallery-1-357\" srcset=\"https:\/\/www.pirimlar.com\/ankara\/wp-content\/uploads\/2018\/11\/ankara-ofis-koltuk-mekanizma-amortisor-degisimi-9-150x150.jpg 150w, https:\/\/www.pirimlar.com\/ankara\/wp-content\/uploads\/2018\/11\/ankara-ofis-koltuk-mekanizma-amortisor-degisimi-9-300x300.jpg 300w, https:\/\/www.pirimlar.com\/ankara\/wp-content\/uploads\/2018\/11\/ankara-ofis-koltuk-mekanizma-amortisor-degisimi-9.jpg 500w\" sizes=\"auto, (max-width: 150px) 100vw, 150px\" \/><\/a>\n\t\t\t<\/dt>\n\t\t\t\t<dd class='wp-caption-text gallery-caption' id='gallery-1-357'>\n\t\t\t\tAnkara ofis koltuk mekanizma amortis\u00f6r tamiri\n\t\t\t\t<\/dd><\/dl><br style=\"clear: both\" \/><dl class='gallery-item'>\n\t\t\t<dt class='gallery-icon landscape'>\n\t\t\t\t<a href='https:\/\/www.pirimlar.com\/ankara\/?attachment_id=358#main'><img loading=\"lazy\" decoding=\"async\" width=\"150\" height=\"150\" src=\"https:\/\/www.pirimlar.com\/ankara\/wp-content\/uploads\/2018\/11\/ankara-ofis-koltuk-mekanizma-amortisor-degisimi-10-150x150.jpg\" class=\"attachment-thumbnail size-thumbnail\" alt=\"Ankara ofis koltuk mekanizma amortis\u00f6r tamiri\" aria-describedby=\"gallery-1-358\" srcset=\"https:\/\/www.pirimlar.com\/ankara\/wp-content\/uploads\/2018\/11\/ankara-ofis-koltuk-mekanizma-amortisor-degisimi-10-150x150.jpg 150w, https:\/\/www.pirimlar.com\/ankara\/wp-content\/uploads\/2018\/11\/ankara-ofis-koltuk-mekanizma-amortisor-degisimi-10.jpg 200w\" sizes=\"auto, (max-width: 150px) 100vw, 150px\" \/><\/a>\n\t\t\t<\/dt>\n\t\t\t\t<dd class='wp-caption-text gallery-caption' id='gallery-1-358'>\n\t\t\t\tAnkara ofis koltuk mekanizma amortis\u00f6r tamiri\n\t\t\t\t<\/dd><\/dl><dl class='gallery-item'>\n\t\t\t<dt class='gallery-icon landscape'>\n\t\t\t\t<a href='https:\/\/www.pirimlar.com\/ankara\/?attachment_id=359#main'><img loading=\"lazy\" decoding=\"async\" width=\"150\" height=\"150\" src=\"https:\/\/www.pirimlar.com\/ankara\/wp-content\/uploads\/2018\/11\/ankara-ofis-koltuk-mekanizma-amortisor-degisimi-11-150x150.jpg\" class=\"attachment-thumbnail size-thumbnail\" alt=\"Ankara ofis koltuk mekanizma amortis\u00f6r tamiri\" aria-describedby=\"gallery-1-359\" srcset=\"https:\/\/www.pirimlar.com\/ankara\/wp-content\/uploads\/2018\/11\/ankara-ofis-koltuk-mekanizma-amortisor-degisimi-11-150x150.jpg 150w, https:\/\/www.pirimlar.com\/ankara\/wp-content\/uploads\/2018\/11\/ankara-ofis-koltuk-mekanizma-amortisor-degisimi-11.jpg 200w\" sizes=\"auto, (max-width: 150px) 100vw, 150px\" \/><\/a>\n\t\t\t<\/dt>\n\t\t\t\t<dd class='wp-caption-text gallery-caption' id='gallery-1-359'>\n\t\t\t\tAnkara ofis koltuk mekanizma amortis\u00f6r tamiri\n\t\t\t\t<\/dd><\/dl><dl class='gallery-item'>\n\t\t\t<dt class='gallery-icon landscape'>\n\t\t\t\t<a href='https:\/\/www.pirimlar.com\/ankara\/?attachment_id=360#main'><img loading=\"lazy\" decoding=\"async\" width=\"150\" height=\"150\" src=\"https:\/\/www.pirimlar.com\/ankara\/wp-content\/uploads\/2018\/11\/ankara-ofis-koltuk-mekanizma-amortisor-degisimi-12-150x150.jpg\" class=\"attachment-thumbnail size-thumbnail\" alt=\"Ankara ofis koltuk mekanizma amortis\u00f6r tamiri\" aria-describedby=\"gallery-1-360\" \/><\/a>\n\t\t\t<\/dt>\n\t\t\t\t<dd class='wp-caption-text gallery-caption' id='gallery-1-360'>\n\t\t\t\tAnkara ofis koltuk mekanizma amortis\u00f6r tamiri\n\t\t\t\t<\/dd><\/dl><br style=\"clear: both\" \/><dl class='gallery-item'>\n\t\t\t<dt class='gallery-icon landscape'>\n\t\t\t\t<a href='https:\/\/www.pirimlar.com\/ankara\/?attachment_id=361#main'><img loading=\"lazy\" decoding=\"async\" width=\"150\" height=\"150\" src=\"https:\/\/www.pirimlar.com\/ankara\/wp-content\/uploads\/2018\/11\/ankara-ofis-koltuk-mekanizma-amortisor-degisimi-14-150x150.png\" class=\"attachment-thumbnail size-thumbnail\" alt=\"Ankara ofis koltuk mekanizma amortis\u00f6r tamiri\" aria-describedby=\"gallery-1-361\" \/><\/a>\n\t\t\t<\/dt>\n\t\t\t\t<dd class='wp-caption-text gallery-caption' id='gallery-1-361'>\n\t\t\t\tAnkara ofis koltuk mekanizma amortis\u00f6r tamiri\n\t\t\t\t<\/dd><\/dl><dl class='gallery-item'>\n\t\t\t<dt class='gallery-icon landscape'>\n\t\t\t\t<a href='https:\/\/www.pirimlar.com\/ankara\/?attachment_id=362#main'><img loading=\"lazy\" decoding=\"async\" width=\"150\" height=\"150\" src=\"https:\/\/www.pirimlar.com\/ankara\/wp-content\/uploads\/2018\/11\/ankara-ofis-koltuk-mekanizma-amortisor-degisimi-15-150x150.jpg\" class=\"attachment-thumbnail size-thumbnail\" alt=\"Ankara ofis koltuk mekanizma amortis\u00f6r tamiri\" aria-describedby=\"gallery-1-362\" srcset=\"https:\/\/www.pirimlar.com\/ankara\/wp-content\/uploads\/2018\/11\/ankara-ofis-koltuk-mekanizma-amortisor-degisimi-15-150x150.jpg 150w, https:\/\/www.pirimlar.com\/ankara\/wp-content\/uploads\/2018\/11\/ankara-ofis-koltuk-mekanizma-amortisor-degisimi-15-300x300.jpg 300w, https:\/\/www.pirimlar.com\/ankara\/wp-content\/uploads\/2018\/11\/ankara-ofis-koltuk-mekanizma-amortisor-degisimi-15-768x768.jpg 768w, https:\/\/www.pirimlar.com\/ankara\/wp-content\/uploads\/2018\/11\/ankara-ofis-koltuk-mekanizma-amortisor-degisimi-15.jpg 1000w\" sizes=\"auto, (max-width: 150px) 100vw, 150px\" \/><\/a>\n\t\t\t<\/dt>\n\t\t\t\t<dd class='wp-caption-text gallery-caption' id='gallery-1-362'>\n\t\t\t\tAnkara ofis koltuk mekanizma amortis\u00f6r tamiri\n\t\t\t\t<\/dd><\/dl><dl class='gallery-item'>\n\t\t\t<dt class='gallery-icon landscape'>\n\t\t\t\t<a href='https:\/\/www.pirimlar.com\/ankara\/?attachment_id=363#main'><img loading=\"lazy\" decoding=\"async\" width=\"150\" height=\"150\" src=\"https:\/\/www.pirimlar.com\/ankara\/wp-content\/uploads\/2018\/11\/ankara-ofis-koltuk-mekanizma-amortisor-degisimi-16-150x150.jpg\" class=\"attachment-thumbnail size-thumbnail\" alt=\"Ankara ofis koltuk mekanizma amortis\u00f6r tamiri\" aria-describedby=\"gallery-1-363\" srcset=\"https:\/\/www.pirimlar.com\/ankara\/wp-content\/uploads\/2018\/11\/ankara-ofis-koltuk-mekanizma-amortisor-degisimi-16-150x150.jpg 150w, https:\/\/www.pirimlar.com\/ankara\/wp-content\/uploads\/2018\/11\/ankara-ofis-koltuk-mekanizma-amortisor-degisimi-16-300x300.jpg 300w, https:\/\/www.pirimlar.com\/ankara\/wp-content\/uploads\/2018\/11\/ankara-ofis-koltuk-mekanizma-amortisor-degisimi-16.jpg 400w\" sizes=\"auto, (max-width: 150px) 100vw, 150px\" \/><\/a>\n\t\t\t<\/dt>\n\t\t\t\t<dd class='wp-caption-text gallery-caption' id='gallery-1-363'>\n\t\t\t\tAnkara ofis koltuk mekanizma amortis\u00f6r tamiri\n\t\t\t\t<\/dd><\/dl><br style=\"clear: both\" \/><dl class='gallery-item'>\n\t\t\t<dt class='gallery-icon landscape'>\n\t\t\t\t<a href='https:\/\/www.pirimlar.com\/ankara\/?attachment_id=364#main'><img loading=\"lazy\" decoding=\"async\" width=\"150\" height=\"150\" src=\"https:\/\/www.pirimlar.com\/ankara\/wp-content\/uploads\/2018\/11\/ankara-ofis-koltuk-mekanizma-amortisor-degisimi-18-150x150.jpg\" class=\"attachment-thumbnail size-thumbnail\" alt=\"Ankara ofis koltuk mekanizma amortis\u00f6r tamiri\" aria-describedby=\"gallery-1-364\" \/><\/a>\n\t\t\t<\/dt>\n\t\t\t\t<dd class='wp-caption-text gallery-caption' id='gallery-1-364'>\n\t\t\t\tAnkara ofis koltuk mekanizma amortis\u00f6r tamiri\n\t\t\t\t<\/dd><\/dl><dl class='gallery-item'>\n\t\t\t<dt class='gallery-icon landscape'>\n\t\t\t\t<a href='https:\/\/www.pirimlar.com\/ankara\/?attachment_id=365#main'><img loading=\"lazy\" decoding=\"async\" width=\"150\" height=\"150\" src=\"https:\/\/www.pirimlar.com\/ankara\/wp-content\/uploads\/2018\/11\/ankara-ofis-koltuk-mekanizma-amortisor-degisimi-19-150x150.jpg\" class=\"attachment-thumbnail size-thumbnail\" alt=\"Ankara ofis koltuk mekanizma amortis\u00f6r tamiri\" aria-describedby=\"gallery-1-365\" \/><\/a>\n\t\t\t<\/dt>\n\t\t\t\t<dd class='wp-caption-text gallery-caption' id='gallery-1-365'>\n\t\t\t\tAnkara ofis koltuk mekanizma amortis\u00f6r tamiri\n\t\t\t\t<\/dd><\/dl><dl class='gallery-item'>\n\t\t\t<dt class='gallery-icon landscape'>\n\t\t\t\t<a href='https:\/\/www.pirimlar.com\/ankara\/?attachment_id=366#main'><img loading=\"lazy\" decoding=\"async\" width=\"150\" height=\"150\" src=\"https:\/\/www.pirimlar.com\/ankara\/wp-content\/uploads\/2018\/11\/ankara-ofis-koltuk-mekanizma-amortisor-degisimi-20-150x150.jpg\" class=\"attachment-thumbnail size-thumbnail\" alt=\"Ankara ofis koltuk mekanizma amortis\u00f6r tamiri\" aria-describedby=\"gallery-1-366\" srcset=\"https:\/\/www.pirimlar.com\/ankara\/wp-content\/uploads\/2018\/11\/ankara-ofis-koltuk-mekanizma-amortisor-degisimi-20-150x150.jpg 150w, https:\/\/www.pirimlar.com\/ankara\/wp-content\/uploads\/2018\/11\/ankara-ofis-koltuk-mekanizma-amortisor-degisimi-20-300x300.jpg 300w, https:\/\/www.pirimlar.com\/ankara\/wp-content\/uploads\/2018\/11\/ankara-ofis-koltuk-mekanizma-amortisor-degisimi-20-768x768.jpg 768w, https:\/\/www.pirimlar.com\/ankara\/wp-content\/uploads\/2018\/11\/ankara-ofis-koltuk-mekanizma-amortisor-degisimi-20.jpg 1000w\" sizes=\"auto, (max-width: 150px) 100vw, 150px\" \/><\/a>\n\t\t\t<\/dt>\n\t\t\t\t<dd class='wp-caption-text gallery-caption' id='gallery-1-366'>\n\t\t\t\tAnkara ofis koltuk mekanizma amortis\u00f6r tamiri\n\t\t\t\t<\/dd><\/dl><br style=\"clear: both\" \/><dl class='gallery-item'>\n\t\t\t<dt class='gallery-icon landscape'>\n\t\t\t\t<a href='https:\/\/www.pirimlar.com\/ankara\/?attachment_id=367#main'><img loading=\"lazy\" decoding=\"async\" width=\"150\" height=\"150\" src=\"https:\/\/www.pirimlar.com\/ankara\/wp-content\/uploads\/2018\/11\/ankara-ofis-koltuk-mekanizma-amortisor-degisimi-23-150x150.jpg\" class=\"attachment-thumbnail size-thumbnail\" alt=\"Ankara ofis koltuk mekanizma amortis\u00f6r tamiri\" aria-describedby=\"gallery-1-367\" srcset=\"https:\/\/www.pirimlar.com\/ankara\/wp-content\/uploads\/2018\/11\/ankara-ofis-koltuk-mekanizma-amortisor-degisimi-23-150x150.jpg 150w, https:\/\/www.pirimlar.com\/ankara\/wp-content\/uploads\/2018\/11\/ankara-ofis-koltuk-mekanizma-amortisor-degisimi-23-300x300.jpg 300w, https:\/\/www.pirimlar.com\/ankara\/wp-content\/uploads\/2018\/11\/ankara-ofis-koltuk-mekanizma-amortisor-degisimi-23-768x768.jpg 768w, https:\/\/www.pirimlar.com\/ankara\/wp-content\/uploads\/2018\/11\/ankara-ofis-koltuk-mekanizma-amortisor-degisimi-23.jpg 800w\" sizes=\"auto, (max-width: 150px) 100vw, 150px\" \/><\/a>\n\t\t\t<\/dt>\n\t\t\t\t<dd class='wp-caption-text gallery-caption' id='gallery-1-367'>\n\t\t\t\tAnkara ofis koltuk mekanizma amortis\u00f6r tamiri\n\t\t\t\t<\/dd><\/dl><dl class='gallery-item'>\n\t\t\t<dt class='gallery-icon landscape'>\n\t\t\t\t<a href='https:\/\/www.pirimlar.com\/ankara\/?attachment_id=368#main'><img loading=\"lazy\" decoding=\"async\" width=\"150\" height=\"150\" src=\"https:\/\/www.pirimlar.com\/ankara\/wp-content\/uploads\/2018\/11\/ankara-ofis-koltuk-mekanizma-amortisor-degisimi-24-150x150.jpg\" class=\"attachment-thumbnail size-thumbnail\" alt=\"Ankara ofis koltuk mekanizma amortis\u00f6r tamiri\" aria-describedby=\"gallery-1-368\" \/><\/a>\n\t\t\t<\/dt>\n\t\t\t\t<dd class='wp-caption-text gallery-caption' id='gallery-1-368'>\n\t\t\t\tAnkara ofis koltuk mekanizma amortis\u00f6r tamiri\n\t\t\t\t<\/dd><\/dl><dl class='gallery-item'>\n\t\t\t<dt class='gallery-icon landscape'>\n\t\t\t\t<a href='https:\/\/www.pirimlar.com\/ankara\/?attachment_id=369#main'><img loading=\"lazy\" decoding=\"async\" width=\"150\" height=\"150\" src=\"https:\/\/www.pirimlar.com\/ankara\/wp-content\/uploads\/2018\/11\/ankara-ofis-koltuk-mekanizma-amortisor-degisimi-25-150x150.jpg\" class=\"attachment-thumbnail size-thumbnail\" alt=\"Ankara ofis koltuk mekanizma amortis\u00f6r tamiri\" aria-describedby=\"gallery-1-369\" \/><\/a>\n\t\t\t<\/dt>\n\t\t\t\t<dd class='wp-caption-text gallery-caption' id='gallery-1-369'>\n\t\t\t\tAnkara ofis koltuk mekanizma amortis\u00f6r tamiri\n\t\t\t\t<\/dd><\/dl><br style=\"clear: both\" \/><dl class='gallery-item'>\n\t\t\t<dt class='gallery-icon landscape'>\n\t\t\t\t<a href='https:\/\/www.pirimlar.com\/ankara\/?attachment_id=371#main'><img loading=\"lazy\" decoding=\"async\" width=\"150\" height=\"150\" src=\"https:\/\/www.pirimlar.com\/ankara\/wp-content\/uploads\/2018\/11\/ankara-ofis-koltuk-mekanizma-amortisor-degisimi-27-150x150.jpg\" class=\"attachment-thumbnail size-thumbnail\" alt=\"Ankara ofis koltuk mekanizma amortis\u00f6r tamiri\" aria-describedby=\"gallery-1-371\" srcset=\"https:\/\/www.pirimlar.com\/ankara\/wp-content\/uploads\/2018\/11\/ankara-ofis-koltuk-mekanizma-amortisor-degisimi-27-150x150.jpg 150w, https:\/\/www.pirimlar.com\/ankara\/wp-content\/uploads\/2018\/11\/ankara-ofis-koltuk-mekanizma-amortisor-degisimi-27.jpg 225w\" sizes=\"auto, (max-width: 150px) 100vw, 150px\" \/><\/a>\n\t\t\t<\/dt>\n\t\t\t\t<dd class='wp-caption-text gallery-caption' id='gallery-1-371'>\n\t\t\t\tAnkara ofis koltuk mekanizma amortis\u00f6r tamiri\n\t\t\t\t<\/dd><\/dl>\n\t\t\t<br style='clear: both' \/>\n\t\t<\/div>\n\n","protected":false},"excerpt":{"rendered":"<p>Ankara ofis koltuk mekanizma amortis\u00f6r tamiri +90 5552685285 Ankara Ekig\u00fcl koltuk tamiri olarak sizlere her zaman en iyi hizmeti ve en kaliteli par\u00e7alar\u0131 sunmak i\u00e7in \u00e7al\u0131\u015f\u0131yoruz. Elimizde mevcut [&hellip;]<\/p>\n","protected":false},"author":1,"featured_media":356,"parent":298,"menu_order":0,"comment_status":"closed","ping_status":"closed","template":"","meta":{"footnotes":""},"class_list":["post-377","page","type-page","status-publish","has-post-thumbnail","hentry"],"_links":{"self":[{"href":"https:\/\/www.pirimlar.com\/ankara\/index.php?rest_route=\/wp\/v2\/pages\/377","targetHints":{"allow":["GET"]}}],"collection":[{"href":"https:\/\/www.pirimlar.com\/ankara\/index.php?rest_route=\/wp\/v2\/pages"}],"about":[{"href":"https:\/\/www.pirimlar.com\/ankara\/index.php?rest_route=\/wp\/v2\/types\/page"}],"author":[{"embeddable":true,"href":"https:\/\/www.pirimlar.com\/ankara\/index.php?rest_route=\/wp\/v2\/users\/1"}],"replies":[{"embeddable":true,"href":"https:\/\/www.pirimlar.com\/ankara\/index.php?rest_route=%2Fwp%2Fv2%2Fcomments&post=377"}],"version-history":[{"count":4,"href":"https:\/\/www.pirimlar.com\/ankara\/index.php?rest_route=\/wp\/v2\/pages\/377\/revisions"}],"predecessor-version":[{"id":552,"href":"https:\/\/www.pirimlar.com\/ankara\/index.php?rest_route=\/wp\/v2\/pages\/377\/revisions\/552"}],"up":[{"embeddable":true,"href":"https:\/\/www.pirimlar.com\/ankara\/index.php?rest_route=\/wp\/v2\/pages\/298"}],"wp:featuredmedia":[{"embeddable":true,"href":"https:\/\/www.pirimlar.com\/ankara\/index.php?rest_route=\/wp\/v2\/media\/356"}],"wp:attachment":[{"href":"https:\/\/www.pirimlar.com\/ankara\/index.php?rest_route=%2Fwp%2Fv2%2Fmedia&parent=377"}],"curies":[{"name":"wp","href":"https:\/\/api.w.org\/{rel}","templated":true}]}}