{"id":374,"date":"2018-11-17T14:54:49","date_gmt":"2018-11-17T14:54:49","guid":{"rendered":"https:\/\/www.pirimlar.com\/ankara\/?page_id=374"},"modified":"2019-01-02T23:34:08","modified_gmt":"2019-01-02T23:34:08","slug":"ankara-kanepe-cekyat-makas-ve-mekanizmasi-degisimi","status":"publish","type":"page","link":"https:\/\/www.pirimlar.com\/ankara\/?page_id=374","title":{"rendered":"Ankara Kanepe \u00c7ekyat makas ve mekanizmas\u0131 de\u011fi\u015fimi\u00a0+90 5552685285"},"content":{"rendered":"<p>Ankara Kanepe \u00c7ekyat makas ve mekanizmas\u0131 de\u011fi\u015fimi&nbsp; +90 5552685285<\/p>\n<p>\u00c7ekyat Kanepe Mekanizma De\u011fi\u015fimi (makas) mekanizmas\u0131n\u0131 nas\u0131l de\u011fi\u015ftirebilirsiniz. \u00c7ekyatlar\u0131n mekanizma aksanlar\u0131 a\u00e7 kapa a\u00e7 kapa bozulur ve a\u00e7\u0131l\u0131p kapanmaz hale gelir. Bu mekanizmalar\u0131 de\u011fi\u015fimini kendiniz veya bir koltuk d\u00f6\u015feme at\u00f6lyesine yapt\u0131rabilirsiniz. Bu mekanizma sistemleri mobilyan\u0131z\u0131n \u00fcretim firmas\u0131 taraf\u0131ndan farkl\u0131 a\u00e7\u0131l\u0131p kapanma \u015fekillerine sahip mekanizma modelleri kullan\u0131lmaktad\u0131r. Hepsinde ayn\u0131 mekanizma bulunmamaktad\u0131r.<\/p>\n<p>\u00c7ekyat ve kanepelerde genelde b\u00fcy\u00fck japon ad\u0131 verilen mekanizma kullan\u0131lmaktad\u0131r. Bunun yan\u0131 s\u0131ra kolsuz japon, s\u00fcper japon, k\u00fc\u00e7\u00fck japon,takoz makas,c\u0131tc\u0131t, meltem makas kullan\u0131l\u0131r.<\/p>\n<p>Bazalar\u0131n\u0131z\u0131n makaslar\u0131da de\u011fi\u015fik modellere sahiptir. Bazalar\u0131n\u0131z\u0131n yatak k\u0131s\u0131mlar\u0131n\u0131n havada durmamas\u0131n\u0131n sebebide amartis\u00f6rlerinin patlamas\u0131ndan dolay\u0131 havada durmazlar amortis\u00f6r de\u011fi\u015fiminden sonra bu sorundan kurtulabilirsiniz. Unutmadan s\u00f6yleyeyim amartis\u00f6rlerde yatak b\u00fcy\u00fckl\u00fc\u011f\u00fcne g\u00f6re bas\u0131n\u00e7lar\u0131 kald\u0131rma kuvetleri de\u011fi\u015fmektedir. Bazan\u0131z\u0131n \u00fczerine tak\u0131lan amartis\u00f6r bas\u0131nc\u0131n\u0131n ayn\u0131s\u0131ndan almal\u0131s\u0131n\u0131z.<\/p>\n\n\t\t<style type=\"text\/css\">\n\t\t\t#gallery-1 {\n\t\t\t\tmargin: auto;\n\t\t\t}\n\t\t\t#gallery-1 .gallery-item {\n\t\t\t\tfloat: left;\n\t\t\t\tmargin-top: 10px;\n\t\t\t\ttext-align: center;\n\t\t\t\twidth: 33%;\n\t\t\t}\n\t\t\t#gallery-1 img {\n\t\t\t\tborder: 2px solid #cfcfcf;\n\t\t\t}\n\t\t\t#gallery-1 .gallery-caption {\n\t\t\t\tmargin-left: 0;\n\t\t\t}\n\t\t\t\/* see gallery_shortcode() in wp-includes\/media.php *\/\n\t\t<\/style>\n\t\t<div id='gallery-1' class='gallery galleryid-374 gallery-columns-3 gallery-size-thumbnail'><dl class='gallery-item'>\n\t\t\t<dt class='gallery-icon landscape'>\n\t\t\t\t<a href='https:\/\/www.pirimlar.com\/ankara\/?attachment_id=328#main'><img loading=\"lazy\" decoding=\"async\" width=\"150\" height=\"150\" src=\"https:\/\/www.pirimlar.com\/ankara\/wp-content\/uploads\/2018\/11\/kanepe-cekyat-makas-degisimi-150x150.jpg\" class=\"attachment-thumbnail size-thumbnail\" alt=\"ankara kanepe makas tamiri\" aria-describedby=\"gallery-1-328\" \/><\/a>\n\t\t\t<\/dt>\n\t\t\t\t<dd class='wp-caption-text gallery-caption' id='gallery-1-328'>\n\t\t\t\tankara kanepe makas tamiri\n\t\t\t\t<\/dd><\/dl><dl class='gallery-item'>\n\t\t\t<dt class='gallery-icon landscape'>\n\t\t\t\t<a href='https:\/\/www.pirimlar.com\/ankara\/?attachment_id=329#main'><img loading=\"lazy\" decoding=\"async\" width=\"150\" height=\"150\" src=\"https:\/\/www.pirimlar.com\/ankara\/wp-content\/uploads\/2018\/11\/kanepe-cekyat-makas-degisimi-1-150x150.jpg\" class=\"attachment-thumbnail size-thumbnail\" alt=\"ankara kanepe makas tamiri\" aria-describedby=\"gallery-1-329\" \/><\/a>\n\t\t\t<\/dt>\n\t\t\t\t<dd class='wp-caption-text gallery-caption' id='gallery-1-329'>\n\t\t\t\tankara kanepe makas tamiri\n\t\t\t\t<\/dd><\/dl><dl class='gallery-item'>\n\t\t\t<dt class='gallery-icon landscape'>\n\t\t\t\t<a href='https:\/\/www.pirimlar.com\/ankara\/?attachment_id=330#main'><img loading=\"lazy\" decoding=\"async\" width=\"150\" height=\"150\" src=\"https:\/\/www.pirimlar.com\/ankara\/wp-content\/uploads\/2018\/11\/kanepe-cekyat-makas-degisimi-2-150x150.jpg\" class=\"attachment-thumbnail size-thumbnail\" alt=\"ankara kanepe makas tamiri\" aria-describedby=\"gallery-1-330\" \/><\/a>\n\t\t\t<\/dt>\n\t\t\t\t<dd class='wp-caption-text gallery-caption' id='gallery-1-330'>\n\t\t\t\tankara kanepe makas tamiri\n\t\t\t\t<\/dd><\/dl><br style=\"clear: both\" \/><dl class='gallery-item'>\n\t\t\t<dt class='gallery-icon landscape'>\n\t\t\t\t<a href='https:\/\/www.pirimlar.com\/ankara\/?attachment_id=331#main'><img loading=\"lazy\" decoding=\"async\" width=\"150\" height=\"150\" src=\"https:\/\/www.pirimlar.com\/ankara\/wp-content\/uploads\/2018\/11\/kanepe-cekyat-makas-degisimi-3-150x150.jpg\" class=\"attachment-thumbnail size-thumbnail\" alt=\"ankara kanepe makas tamiri\" aria-describedby=\"gallery-1-331\" srcset=\"https:\/\/www.pirimlar.com\/ankara\/wp-content\/uploads\/2018\/11\/kanepe-cekyat-makas-degisimi-3-150x150.jpg 150w, https:\/\/www.pirimlar.com\/ankara\/wp-content\/uploads\/2018\/11\/kanepe-cekyat-makas-degisimi-3.jpg 200w\" sizes=\"auto, (max-width: 150px) 100vw, 150px\" \/><\/a>\n\t\t\t<\/dt>\n\t\t\t\t<dd class='wp-caption-text gallery-caption' id='gallery-1-331'>\n\t\t\t\tankara kanepe makas tamiri\n\t\t\t\t<\/dd><\/dl><dl class='gallery-item'>\n\t\t\t<dt class='gallery-icon landscape'>\n\t\t\t\t<a href='https:\/\/www.pirimlar.com\/ankara\/?attachment_id=332#main'><img loading=\"lazy\" decoding=\"async\" width=\"150\" height=\"150\" src=\"https:\/\/www.pirimlar.com\/ankara\/wp-content\/uploads\/2018\/11\/kanepe-cekyat-makas-degisimi-4-150x150.jpg\" class=\"attachment-thumbnail size-thumbnail\" alt=\"ankara kanepe makas tamiri\" aria-describedby=\"gallery-1-332\" \/><\/a>\n\t\t\t<\/dt>\n\t\t\t\t<dd class='wp-caption-text gallery-caption' id='gallery-1-332'>\n\t\t\t\tankara kanepe makas tamiri\n\t\t\t\t<\/dd><\/dl><dl class='gallery-item'>\n\t\t\t<dt class='gallery-icon landscape'>\n\t\t\t\t<a href='https:\/\/www.pirimlar.com\/ankara\/?attachment_id=333#main'><img loading=\"lazy\" decoding=\"async\" width=\"150\" height=\"150\" src=\"https:\/\/www.pirimlar.com\/ankara\/wp-content\/uploads\/2018\/11\/kanepe-cekyat-makas-degisimi-5-150x150.jpg\" class=\"attachment-thumbnail size-thumbnail\" alt=\"ankara kanepe makas tamiri\" aria-describedby=\"gallery-1-333\" \/><\/a>\n\t\t\t<\/dt>\n\t\t\t\t<dd class='wp-caption-text gallery-caption' id='gallery-1-333'>\n\t\t\t\tankara kanepe makas tamiri\n\t\t\t\t<\/dd><\/dl><br style=\"clear: both\" \/><dl class='gallery-item'>\n\t\t\t<dt class='gallery-icon landscape'>\n\t\t\t\t<a href='https:\/\/www.pirimlar.com\/ankara\/?attachment_id=334#main'><img loading=\"lazy\" decoding=\"async\" width=\"150\" height=\"150\" src=\"https:\/\/www.pirimlar.com\/ankara\/wp-content\/uploads\/2018\/11\/kanepe-cekyat-makas-degisimi-6-150x150.jpg\" class=\"attachment-thumbnail size-thumbnail\" alt=\"ankara kanepe makas tamiri\" aria-describedby=\"gallery-1-334\" \/><\/a>\n\t\t\t<\/dt>\n\t\t\t\t<dd class='wp-caption-text gallery-caption' id='gallery-1-334'>\n\t\t\t\tankara kanepe makas tamiri\n\t\t\t\t<\/dd><\/dl><dl class='gallery-item'>\n\t\t\t<dt class='gallery-icon landscape'>\n\t\t\t\t<a href='https:\/\/www.pirimlar.com\/ankara\/?attachment_id=335#main'><img loading=\"lazy\" decoding=\"async\" width=\"150\" height=\"150\" src=\"https:\/\/www.pirimlar.com\/ankara\/wp-content\/uploads\/2018\/11\/kanepe-cekyat-makas-degisimi-7-150x150.jpg\" class=\"attachment-thumbnail size-thumbnail\" alt=\"ankara kanepe makas tamiri\" aria-describedby=\"gallery-1-335\" \/><\/a>\n\t\t\t<\/dt>\n\t\t\t\t<dd class='wp-caption-text gallery-caption' id='gallery-1-335'>\n\t\t\t\tankara kanepe makas tamiri\n\t\t\t\t<\/dd><\/dl><dl class='gallery-item'>\n\t\t\t<dt class='gallery-icon landscape'>\n\t\t\t\t<a href='https:\/\/www.pirimlar.com\/ankara\/?attachment_id=336#main'><img loading=\"lazy\" decoding=\"async\" width=\"150\" height=\"150\" src=\"https:\/\/www.pirimlar.com\/ankara\/wp-content\/uploads\/2018\/11\/kanepe-cekyat-makas-degisimi-8-150x150.jpg\" class=\"attachment-thumbnail size-thumbnail\" alt=\"ankara kanepe makas tamiri\" aria-describedby=\"gallery-1-336\" \/><\/a>\n\t\t\t<\/dt>\n\t\t\t\t<dd class='wp-caption-text gallery-caption' id='gallery-1-336'>\n\t\t\t\tankara kanepe makas tamiri\n\t\t\t\t<\/dd><\/dl><br style=\"clear: both\" \/>\n\t\t<\/div>\n\n","protected":false},"excerpt":{"rendered":"<p>Ankara Kanepe \u00c7ekyat makas ve mekanizmas\u0131 de\u011fi\u015fimi&nbsp; +90 5552685285 \u00c7ekyat Kanepe Mekanizma De\u011fi\u015fimi (makas) mekanizmas\u0131n\u0131 nas\u0131l de\u011fi\u015ftirebilirsiniz. \u00c7ekyatlar\u0131n mekanizma aksanlar\u0131 a\u00e7 kapa a\u00e7 kapa bozulur ve a\u00e7\u0131l\u0131p kapanmaz [&hellip;]<\/p>\n","protected":false},"author":1,"featured_media":333,"parent":298,"menu_order":0,"comment_status":"closed","ping_status":"closed","template":"","meta":{"footnotes":""},"class_list":["post-374","page","type-page","status-publish","has-post-thumbnail","hentry"],"_links":{"self":[{"href":"https:\/\/www.pirimlar.com\/ankara\/index.php?rest_route=\/wp\/v2\/pages\/374","targetHints":{"allow":["GET"]}}],"collection":[{"href":"https:\/\/www.pirimlar.com\/ankara\/index.php?rest_route=\/wp\/v2\/pages"}],"about":[{"href":"https:\/\/www.pirimlar.com\/ankara\/index.php?rest_route=\/wp\/v2\/types\/page"}],"author":[{"embeddable":true,"href":"https:\/\/www.pirimlar.com\/ankara\/index.php?rest_route=\/wp\/v2\/users\/1"}],"replies":[{"embeddable":true,"href":"https:\/\/www.pirimlar.com\/ankara\/index.php?rest_route=%2Fwp%2Fv2%2Fcomments&post=374"}],"version-history":[{"count":3,"href":"https:\/\/www.pirimlar.com\/ankara\/index.php?rest_route=\/wp\/v2\/pages\/374\/revisions"}],"predecessor-version":[{"id":550,"href":"https:\/\/www.pirimlar.com\/ankara\/index.php?rest_route=\/wp\/v2\/pages\/374\/revisions\/550"}],"up":[{"embeddable":true,"href":"https:\/\/www.pirimlar.com\/ankara\/index.php?rest_route=\/wp\/v2\/pages\/298"}],"wp:featuredmedia":[{"embeddable":true,"href":"https:\/\/www.pirimlar.com\/ankara\/index.php?rest_route=\/wp\/v2\/media\/333"}],"wp:attachment":[{"href":"https:\/\/www.pirimlar.com\/ankara\/index.php?rest_route=%2Fwp%2Fv2%2Fmedia&parent=374"}],"curies":[{"name":"wp","href":"https:\/\/api.w.org\/{rel}","templated":true}]}}