{"id":21,"date":"2018-11-15T18:30:03","date_gmt":"2018-11-15T18:30:03","guid":{"rendered":"https:\/\/www.pirimlar.com\/ankara\/?page_id=21"},"modified":"2019-01-02T23:24:03","modified_gmt":"2019-01-02T23:24:03","slug":"hizmet-verdigimiz-semtler","status":"publish","type":"page","link":"https:\/\/www.pirimlar.com\/ankara\/?page_id=21","title":{"rendered":"Hizmet Verdi\u011fimiz Semtler"},"content":{"rendered":"<li class=\"page_item page-item-44\"><a href=\"https:\/\/www.pirimlar.com\/ankara\/?page_id=44\">Ankara Aktepe Koltuk D\u00f6\u015feme Koltuk Tamiri +90 5552685285<\/a><\/li>\n<li class=\"page_item page-item-57\"><a href=\"https:\/\/www.pirimlar.com\/ankara\/?page_id=57\">Ankara Akyurt Koltuk D\u00f6\u015feme Koltuk Tamiri +90 5552685285<\/a><\/li>\n<li class=\"page_item page-item-71\"><a href=\"https:\/\/www.pirimlar.com\/ankara\/?page_id=71\">Ankara Alt\u0131nda\u011f Koltuk D\u00f6\u015feme Koltuk Tamiri +90 5552685285<\/a><\/li>\n<li class=\"page_item page-item-74\"><a href=\"https:\/\/www.pirimlar.com\/ankara\/?page_id=74\">Ankara An\u0131ttepe Koltuk D\u00f6\u015feme Koltuk Tamiri +90 5552685285<\/a><\/li>\n<li class=\"page_item page-item-114\"><a href=\"https:\/\/www.pirimlar.com\/ankara\/?page_id=114\">Ankara A\u015fti Koltuk D\u00f6\u015feme Koltuk Tamiri +90 5552685285<\/a><\/li>\n<li class=\"page_item page-item-117\"><a href=\"https:\/\/www.pirimlar.com\/ankara\/?page_id=117\">Ankara Aya\u015f Koltuk D\u00f6\u015feme Koltuk Tamiri +90 5552685285<\/a><\/li>\n<li class=\"page_item page-item-120\"><a href=\"https:\/\/www.pirimlar.com\/ankara\/?page_id=120\">Ankara Ayranc\u0131 Koltuk D\u00f6\u015feme Koltuk Tamiri +90 5552685285<\/a><\/li>\n<li class=\"page_item page-item-123\"><a href=\"https:\/\/www.pirimlar.com\/ankara\/?page_id=123\">Ankara Ba\u011flum Koltuk D\u00f6\u015feme Koltuk Tamiri +90 5552685285<\/a><\/li>\n<li class=\"page_item page-item-126\"><a href=\"https:\/\/www.pirimlar.com\/ankara\/?page_id=126\">Ankara Bah\u00e7elievler Koltuk D\u00f6\u015feme Koltuk Tamiri +90 5552685285<\/a><\/li>\n<li class=\"page_item page-item-129\"><a href=\"https:\/\/www.pirimlar.com\/ankara\/?page_id=129\">Ankara Bala Koltuk D\u00f6\u015feme Koltuk Tamiri +90 5552685285<\/a><\/li>\n<li class=\"page_item page-item-132\"><a href=\"https:\/\/www.pirimlar.com\/ankara\/?page_id=132\">Ankara Balgat Koltuk D\u00f6\u015feme Koltuk Tamiri +90 5552685285<\/a><\/li>\n<li class=\"page_item page-item-135\"><a href=\"https:\/\/www.pirimlar.com\/ankara\/?page_id=135\">Ankara Bat\u0131kent Koltuk D\u00f6\u015feme Koltuk Tamiri +90 5552685285<\/a><\/li>\n<li class=\"page_item page-item-138\"><a href=\"https:\/\/www.pirimlar.com\/ankara\/?page_id=138\">Ankara Be\u015fevler Koltuk D\u00f6\u015feme Koltuk Tamiri +90 5552685285<\/a><\/li>\n<li class=\"page_item page-item-141\"><a href=\"https:\/\/www.pirimlar.com\/ankara\/?page_id=141\">Ankara Beypazar\u0131 Koltuk D\u00f6\u015feme Koltuk Tamiri +90 5552685285<\/a><\/li>\n<li class=\"page_item page-item-144\"><a href=\"https:\/\/www.pirimlar.com\/ankara\/?page_id=144\">Ankara Birlik Mahallesi Koltuk D\u00f6\u015feme Koltuk Tamiri +90 5552685285<\/a><\/li>\n<li class=\"page_item page-item-151\"><a href=\"https:\/\/www.pirimlar.com\/ankara\/?page_id=151\">Ankara \u00c7ankaya Koltuk D\u00f6\u015feme Koltuk Tamiri +90 5552685285<\/a><\/li>\n<li class=\"page_item page-item-154\"><a href=\"https:\/\/www.pirimlar.com\/ankara\/?page_id=154\">Ankara \u00c7ayyolu Koltuk D\u00f6\u015feme Koltuk Tamiri +90 5552685285<\/a><\/li>\n<li class=\"page_item page-item-157\"><a href=\"https:\/\/www.pirimlar.com\/ankara\/?page_id=157\">Ankara Cebeci Koltuk D\u00f6\u015feme Koltuk Tamiri +90 5552685285<\/a><\/li>\n<li class=\"page_item page-item-160\"><a href=\"https:\/\/www.pirimlar.com\/ankara\/?page_id=160\">Ankara Cinnah Koltuk D\u00f6\u015feme Koltuk Tamiri +90 5552685285<\/a><\/li>\n<li class=\"page_item page-item-163\"><a href=\"https:\/\/www.pirimlar.com\/ankara\/?page_id=163\">Ankara \u00c7ubuk Koltuk D\u00f6\u015feme Koltuk Tamiri +90 5552685285<\/a><\/li>\n<li class=\"page_item page-item-166\"><a href=\"https:\/\/www.pirimlar.com\/ankara\/?page_id=166\">Ankara \u00c7ukurambar Koltuk D\u00f6\u015feme Koltuk Tamiri +90 5552685285<\/a><\/li>\n<li class=\"page_item page-item-169\"><a href=\"https:\/\/www.pirimlar.com\/ankara\/?page_id=169\">Ankara Demetevler Koltuk D\u00f6\u015feme Koltuk Tamiri +90 5552685285<\/a><\/li>\n<li class=\"page_item page-item-172\"><a href=\"https:\/\/www.pirimlar.com\/ankara\/?page_id=172\">Ankara Dikimevi Koltuk D\u00f6\u015feme Koltuk Tamiri +90 5552685285<\/a><\/li>\n<li class=\"page_item page-item-175\"><a href=\"https:\/\/www.pirimlar.com\/ankara\/?page_id=175\">Ankara Dikmen Koltuk D\u00f6\u015feme Koltuk Tamiri +90 5552685285<\/a><\/li>\n<li class=\"page_item page-item-178\"><a href=\"https:\/\/www.pirimlar.com\/ankara\/?page_id=178\">Ankara Ege Mahallesi Koltuk D\u00f6\u015feme Koltuk Tamiri +90 5552685285<\/a><\/li>\n<li class=\"page_item page-item-181\"><a href=\"https:\/\/www.pirimlar.com\/ankara\/?page_id=181\">Ankara Elvankent Koltuk D\u00f6\u015feme Koltuk Tamiri +90 5552685285<\/a><\/li>\n<li class=\"page_item page-item-184\"><a href=\"https:\/\/www.pirimlar.com\/ankara\/?page_id=184\">Ankara Emek Koltuk D\u00f6\u015feme Koltuk Tamiri +90 5552685285<\/a><\/li>\n<li class=\"page_item page-item-187\"><a href=\"https:\/\/www.pirimlar.com\/ankara\/?page_id=187\">Ankara Eryaman Koltuk D\u00f6\u015feme Koltuk Tamiri +90 5552685285<\/a><\/li>\n<li class=\"page_item page-item-190\"><a href=\"https:\/\/www.pirimlar.com\/ankara\/?page_id=190\">Ankara Esat Koltuk D\u00f6\u015feme Koltuk Tamiri +90 5552685285<\/a><\/li>\n<li class=\"page_item page-item-193\"><a href=\"https:\/\/www.pirimlar.com\/ankara\/?page_id=193\">Ankara Eski\u015fehir Yolu Koltuk D\u00f6\u015feme Koltuk Tamiri +90 5552685285<\/a><\/li>\n<li class=\"page_item page-item-196\"><a href=\"https:\/\/www.pirimlar.com\/ankara\/?page_id=196\">Ankara Etimesgut Koltuk D\u00f6\u015feme Koltuk Tamiri +90 5552685285<\/a><\/li>\n<li class=\"page_item page-item-199\"><a href=\"https:\/\/www.pirimlar.com\/ankara\/?page_id=199\">Ankara Etlik Koltuk D\u00f6\u015feme Koltuk Tamiri +90 5552685285<\/a><\/li>\n<li class=\"page_item page-item-202\"><a href=\"https:\/\/www.pirimlar.com\/ankara\/?page_id=202\">Ankara Gaziosmanpa\u015fa Koltuk D\u00f6\u015feme Koltuk Tamiri +90 5552685285<\/a><\/li>\n<li class=\"page_item page-item-205\"><a href=\"https:\/\/www.pirimlar.com\/ankara\/?page_id=205\">Ankara G\u00f6lba\u015f\u0131 Koltuk D\u00f6\u015feme Koltuk Tamiri +90 5552685285<\/a><\/li>\n<li class=\"page_item page-item-208\"><a href=\"https:\/\/www.pirimlar.com\/ankara\/?page_id=208\">Ankara G\u00fcvenpark Koltuk D\u00f6\u015feme Koltuk Tamiri +90 5552685285<\/a><\/li>\n<li class=\"page_item page-item-211\"><a href=\"https:\/\/www.pirimlar.com\/ankara\/?page_id=211\">Ankara Ho\u015fdere Koltuk D\u00f6\u015feme Koltuk Tamiri +90 5552685285<\/a><\/li>\n<li class=\"page_item page-item-214\"><a href=\"https:\/\/www.pirimlar.com\/ankara\/?page_id=214\">Ankara \u0130ncek Koltuk D\u00f6\u015feme Koltuk Tamiri +90 5552685285<\/a><\/li>\n<li class=\"page_item page-item-217\"><a href=\"https:\/\/www.pirimlar.com\/ankara\/?page_id=217\">Ankara Kalecik Koltuk D\u00f6\u015feme Koltuk Tamiri +90 5552685285<\/a><\/li>\n<li class=\"page_item page-item-220\"><a href=\"https:\/\/www.pirimlar.com\/ankara\/?page_id=220\">Ankara Kavakl\u0131dere Koltuk D\u00f6\u015feme Koltuk Tamiri +90 5552685285<\/a><\/li>\n<li class=\"page_item page-item-223\"><a href=\"https:\/\/www.pirimlar.com\/ankara\/?page_id=223\">Ankara Kazan Koltuk D\u00f6\u015feme Koltuk Tamiri +90 5552685285<\/a><\/li>\n<li class=\"page_item page-item-226\"><a href=\"https:\/\/www.pirimlar.com\/ankara\/?page_id=226\">Ankara Ke\u00e7i\u00f6ren Koltuk D\u00f6\u015feme Koltuk Tamiri +90 5552685285<\/a><\/li>\n<li class=\"page_item page-item-229\"><a href=\"https:\/\/www.pirimlar.com\/ankara\/?page_id=229\">Ankara K\u0131rkkonaklar Koltuk D\u00f6\u015feme Koltuk Tamiri +90 5552685285<\/a><\/li>\n<li class=\"page_item page-item-232\"><a href=\"https:\/\/www.pirimlar.com\/ankara\/?page_id=232\">Ankara K\u0131z\u0131lay Koltuk D\u00f6\u015feme Koltuk Tamiri +90 5552685285<\/a><\/li>\n<li class=\"page_item page-item-235\"><a href=\"https:\/\/www.pirimlar.com\/ankara\/?page_id=235\">Ankara K\u0131z\u0131lcahamam Koltuk D\u00f6\u015feme Koltuk Tamiri +90 5552685285<\/a><\/li>\n<li class=\"page_item page-item-238\"><a href=\"https:\/\/www.pirimlar.com\/ankara\/?page_id=238\">Ankara Macunk\u00f6y Koltuk D\u00f6\u015feme Koltuk Tamiri +90 5552685285<\/a><\/li>\n<li class=\"page_item page-item-241\"><a href=\"https:\/\/www.pirimlar.com\/ankara\/?page_id=241\">Ankara Maltepe Koltuk D\u00f6\u015feme Koltuk Tamiri +90 5552685285<\/a><\/li>\n<li class=\"page_item page-item-244\"><a href=\"https:\/\/www.pirimlar.com\/ankara\/?page_id=244\">Ankara Mamak Koltuk D\u00f6\u015feme Koltuk Tamiri +90 5552685285<\/a><\/li>\n<li class=\"page_item page-item-247\"><a href=\"https:\/\/www.pirimlar.com\/ankara\/?page_id=247\">Ankara M\u00fchya K\u00f6y\u00fc Koltuk D\u00f6\u015feme Koltuk Tamiri +90 5552685285<\/a><\/li>\n<li class=\"page_item page-item-252\"><a href=\"https:\/\/www.pirimlar.com\/ankara\/?page_id=252\">Ankara Oran Koltuk D\u00f6\u015feme Koltuk Tamiri +90 5552685285<\/a><\/li>\n<li class=\"page_item page-item-255\"><a href=\"https:\/\/www.pirimlar.com\/ankara\/?page_id=255\">Ankara Ovac\u0131k Koltuk D\u00f6\u015feme Koltuk Tamiri +90 5552685285<\/a><\/li>\n<li class=\"page_item page-item-258\"><a href=\"https:\/\/www.pirimlar.com\/ankara\/?page_id=258\">Ankara \u00d6ve\u00e7ler Koltuk D\u00f6\u015feme Koltuk Tamiri +90 5552685285<\/a><\/li>\n<li class=\"page_item page-item-261\"><a href=\"https:\/\/www.pirimlar.com\/ankara\/?page_id=261\">Ankara Polatl\u0131 Koltuk D\u00f6\u015feme Koltuk Tamiri +90 5552685285<\/a><\/li>\n<li class=\"page_item page-item-264\"><a href=\"https:\/\/www.pirimlar.com\/ankara\/?page_id=264\">Ankara Pursaklar Koltuk D\u00f6\u015feme Koltuk Tamiri +90 5552685285<\/a><\/li>\n<li class=\"page_item page-item-270\"><a href=\"https:\/\/www.pirimlar.com\/ankara\/?page_id=270\">Ankara Sincan Koltuk D\u00f6\u015feme Koltuk Tamiri +90 5552685285<\/a><\/li>\n<li class=\"page_item page-item-273\"><a href=\"https:\/\/www.pirimlar.com\/ankara\/?page_id=273\">Ankara Siteler Koltuk D\u00f6\u015feme Koltuk Tamiri +90 5552685285<\/a><\/li>\n<li class=\"page_item page-item-267\"><a href=\"https:\/\/www.pirimlar.com\/ankara\/?page_id=267\">Ankara S\u0131hhiye Koltuk D\u00f6\u015feme Koltuk Tamiri +90 5552685285<\/a><\/li>\n<li class=\"page_item page-item-276\"><a href=\"https:\/\/www.pirimlar.com\/ankara\/?page_id=276\">Ankara S\u00f6\u011f\u00fct\u00f6z\u00fc Koltuk D\u00f6\u015feme Koltuk Tamiri +90 5552685285<\/a><\/li>\n<li class=\"page_item page-item-279\"><a href=\"https:\/\/www.pirimlar.com\/ankara\/?page_id=279\">Ankara Tunal\u0131 Koltuk D\u00f6\u015feme Koltuk Tamiri +90 5552685285<\/a><\/li>\n<li class=\"page_item page-item-282\"><a href=\"https:\/\/www.pirimlar.com\/ankara\/?page_id=282\">Ankara Ulus Koltuk D\u00f6\u015feme Koltuk Tamiri +90 5552685285<\/a><\/li>\n<li class=\"page_item page-item-285\"><a href=\"https:\/\/www.pirimlar.com\/ankara\/?page_id=285\">Ankara \u00dcniversiteler Mahallesi Koltuk D\u00f6\u015feme Koltuk Tamiri +90 5552685285<\/a><\/li>\n<li class=\"page_item page-item-289\"><a href=\"https:\/\/www.pirimlar.com\/ankara\/?page_id=289\">Ankara Ya\u015famkent Koltuk D\u00f6\u015feme Koltuk Tamiri +90 5552685285<\/a><\/li>\n<li class=\"page_item page-item-292\"><a href=\"https:\/\/www.pirimlar.com\/ankara\/?page_id=292\">Ankara Yenimahalle Koltuk D\u00f6\u015feme Koltuk Tamiri +90 5552685285<\/a><\/li>\n<li class=\"page_item page-item-295\"><a href=\"https:\/\/www.pirimlar.com\/ankara\/?page_id=295\">Ankara Y\u0131ld\u0131z Koltuk D\u00f6\u015feme Koltuk Tamiri +90 5552685285<\/a><\/li>\n","protected":false},"excerpt":{"rendered":"<p>Ankara Aktepe Koltuk D\u00f6\u015feme Koltuk Tamiri +90 5552685285 Ankara Akyurt Koltuk D\u00f6\u015feme Koltuk Tamiri +90 5552685285 Ankara Alt\u0131nda\u011f Koltuk D\u00f6\u015feme Koltuk Tamiri +90 5552685285 Ankara An\u0131ttepe Koltuk D\u00f6\u015feme [&hellip;]<\/p>\n","protected":false},"author":1,"featured_media":34,"parent":0,"menu_order":4,"comment_status":"closed","ping_status":"closed","template":"","meta":{"footnotes":""},"class_list":["post-21","page","type-page","status-publish","has-post-thumbnail","hentry"],"_links":{"self":[{"href":"https:\/\/www.pirimlar.com\/ankara\/index.php?rest_route=\/wp\/v2\/pages\/21","targetHints":{"allow":["GET"]}}],"collection":[{"href":"https:\/\/www.pirimlar.com\/ankara\/index.php?rest_route=\/wp\/v2\/pages"}],"about":[{"href":"https:\/\/www.pirimlar.com\/ankara\/index.php?rest_route=\/wp\/v2\/types\/page"}],"author":[{"embeddable":true,"href":"https:\/\/www.pirimlar.com\/ankara\/index.php?rest_route=\/wp\/v2\/users\/1"}],"replies":[{"embeddable":true,"href":"https:\/\/www.pirimlar.com\/ankara\/index.php?rest_route=%2Fwp%2Fv2%2Fcomments&post=21"}],"version-history":[{"count":11,"href":"https:\/\/www.pirimlar.com\/ankara\/index.php?rest_route=\/wp\/v2\/pages\/21\/revisions"}],"predecessor-version":[{"id":549,"href":"https:\/\/www.pirimlar.com\/ankara\/index.php?rest_route=\/wp\/v2\/pages\/21\/revisions\/549"}],"wp:featuredmedia":[{"embeddable":true,"href":"https:\/\/www.pirimlar.com\/ankara\/index.php?rest_route=\/wp\/v2\/media\/34"}],"wp:attachment":[{"href":"https:\/\/www.pirimlar.com\/ankara\/index.php?rest_route=%2Fwp%2Fv2%2Fmedia&parent=21"}],"curies":[{"name":"wp","href":"https:\/\/api.w.org\/{rel}","templated":true}]}}