{"id":17,"date":"2018-11-15T18:29:05","date_gmt":"2018-11-15T18:29:05","guid":{"rendered":"https:\/\/www.pirimlar.com\/ankara\/?page_id=17"},"modified":"2019-01-02T19:08:36","modified_gmt":"2019-01-02T19:08:36","slug":"hakkimizda","status":"publish","type":"page","link":"https:\/\/www.pirimlar.com\/ankara\/?page_id=17","title":{"rendered":"Hakk\u0131m\u0131zda"},"content":{"rendered":"<p>1988\u2019den beri y\u0131llar\u0131n tecr\u00fcbesi ile koltuk, kanepe, ve klasik d\u00f6\u015femeler hakk\u0131nda \u00e7ok b\u00fcy\u00fck bilgiler edindik. Ferhat Koltuk At\u00f6lyesi olarak Ankara\u2019n\u0131n hemen her yerine verdi\u011fimiz hizmetler ile g\u00f6n\u00fcllerde taht kurduk.<\/p>\n<p>Kaliteli ve g\u00fcler y\u00fczl\u00fc hizmet anlay\u0131\u015f\u0131m\u0131z ile sizleri kesinlikle memnuniyetsiz b\u0131rakmad\u0131k. Amac\u0131m\u0131z ve hedefimiz Ankara\u2019n\u0131n en iyi d\u00f6\u015femecisi olabilmektir.<\/p>\n<p><img loading=\"lazy\" decoding=\"async\" class=\"size-medium wp-image-33 aligncenter\" src=\"https:\/\/www.pirimlar.com\/ankara\/wp-content\/uploads\/2018\/11\/aboutus-300x201.jpg\" alt=\"\" width=\"300\" height=\"201\"><\/p>\n<p>Koltuk, oturma grubu, \u00e7ekyat, kanepe, \u015fark k\u00f6\u015fesi vs. gibi e\u015fyalar\u0131n\u0131z\u0131n tamirat\u0131 ve d\u00f6\u015femesini estetik ve titizlikle yap\u0131yoruz. T\u00fcm hizmetlerimizde e\u015fyalar\u0131n\u0131z\u0131 evinizden al\u0131yor, gerekli tamirat, bak\u0131m hizmetini at\u00f6lyemizde \u00f6zenle yap\u0131yor ve tekrardan evinize teslim ediyoruz.<\/p>\n","protected":false},"excerpt":{"rendered":"<p>1988\u2019den beri y\u0131llar\u0131n tecr\u00fcbesi ile koltuk, kanepe, ve klasik d\u00f6\u015femeler hakk\u0131nda \u00e7ok b\u00fcy\u00fck bilgiler edindik. Ferhat Koltuk At\u00f6lyesi olarak Ankara\u2019n\u0131n hemen her yerine verdi\u011fimiz hizmetler ile g\u00f6n\u00fcllerde taht [&hellip;]<\/p>\n","protected":false},"author":1,"featured_media":33,"parent":0,"menu_order":0,"comment_status":"closed","ping_status":"closed","template":"","meta":{"footnotes":""},"class_list":["post-17","page","type-page","status-publish","has-post-thumbnail","hentry"],"_links":{"self":[{"href":"https:\/\/www.pirimlar.com\/ankara\/index.php?rest_route=\/wp\/v2\/pages\/17","targetHints":{"allow":["GET"]}}],"collection":[{"href":"https:\/\/www.pirimlar.com\/ankara\/index.php?rest_route=\/wp\/v2\/pages"}],"about":[{"href":"https:\/\/www.pirimlar.com\/ankara\/index.php?rest_route=\/wp\/v2\/types\/page"}],"author":[{"embeddable":true,"href":"https:\/\/www.pirimlar.com\/ankara\/index.php?rest_route=\/wp\/v2\/users\/1"}],"replies":[{"embeddable":true,"href":"https:\/\/www.pirimlar.com\/ankara\/index.php?rest_route=%2Fwp%2Fv2%2Fcomments&post=17"}],"version-history":[{"count":5,"href":"https:\/\/www.pirimlar.com\/ankara\/index.php?rest_route=\/wp\/v2\/pages\/17\/revisions"}],"predecessor-version":[{"id":415,"href":"https:\/\/www.pirimlar.com\/ankara\/index.php?rest_route=\/wp\/v2\/pages\/17\/revisions\/415"}],"wp:featuredmedia":[{"embeddable":true,"href":"https:\/\/www.pirimlar.com\/ankara\/index.php?rest_route=\/wp\/v2\/media\/33"}],"wp:attachment":[{"href":"https:\/\/www.pirimlar.com\/ankara\/index.php?rest_route=%2Fwp%2Fv2%2Fmedia&parent=17"}],"curies":[{"name":"wp","href":"https:\/\/api.w.org\/{rel}","templated":true}]}}